{"id":8494,"date":"2026-03-03T14:41:29","date_gmt":"2026-03-03T14:41:29","guid":{"rendered":"https:\/\/qiwipartner.pl\/?page_id=8494"},"modified":"2026-03-03T14:50:35","modified_gmt":"2026-03-03T14:50:35","slug":"information-clause","status":"publish","type":"page","link":"https:\/\/qiwipartner.pl\/az\/information-clause\/","title":{"rendered":"Information Clause"},"content":{"rendered":"<div data-elementor-type=\"wp-page\" data-elementor-id=\"8494\" class=\"elementor elementor-8494\" data-elementor-post-type=\"page\">\n\t\t\t\t<div class=\"elementor-element elementor-element-7740146 e-flex e-con-boxed e-con e-parent\" data-id=\"7740146\" data-element_type=\"container\">\n\t\t\t\t\t<div class=\"e-con-inner\">\n\t\t\t\t<div class=\"elementor-element elementor-element-ad13e97 elementor-widget__width-initial elementor-widget elementor-widget-text-editor\" data-id=\"ad13e97\" data-element_type=\"widget\" data-widget_type=\"text-editor.default\">\n\t\t\t\t<div class=\"elementor-widget-container\">\n\t\t\t\t\t\t\t\t\t<h1><strong>M\u0259lumat b\u0259ndi<\/strong><\/h1><p>Biziml\u0259 n\u0259qliyyat vasit\u0259sinin icar\u0259si\/icar\u0259y\u0259 g\u00f6t\u00fcr\u00fclm\u0259si v\u0259 taksi s\u00fcr\u00fcc\u00fcs\u00fc v\u0259 ya yem\u0259k \u00e7atd\u0131rma kuryer xidm\u0259ti g\u00f6st\u0259rilm\u0259si bar\u0259d\u0259 (\"M\u00fcqavil\u0259\") ba\u011flayaraq siz biz\u0259 \u015f\u0259xsi m\u0259lumatlar\u0131n\u0131z\u0131 t\u0259qdim edirsiniz. Bu bax\u0131mdan, \u015eirk\u0259tin \u015f\u0259xsi m\u0259lumatlar\u0131n\u0131z\u0131 hans\u0131 m\u0259qs\u0259dl\u0259rl\u0259 i\u015fl\u0259d\u0259c\u0259yini, bunun h\u00fcquqi \u0259saslar\u0131n\u0131 v\u0259 bu sah\u0259d\u0259ki h\u00fcquqlar\u0131n\u0131z\u0131 \u00f6yr\u0259nm\u0259k h\u00fcququnuz var.<\/p><h2>\u00a0<\/h2><h2><strong>I. \u015e\u0259xsi m\u0259lumatlar\u0131n\u0131z\u0131n inzibat\u00e7\u0131s\u0131 kimdir?<\/strong><\/h2><p>27 aprel 2016-c\u0131 il tarixli Avropa Parlamentinin v\u0259 \u015euran\u0131n (EU) 2016\/679 sayl\u0131 Qayd\u0259sinin 13-c\u00fc madd\u0259sinin 1-ci v\u0259 2-ci b\u0259ndl\u0259rin\u0259 \u0259sas\u0259n, siz\u0259 bildiririk ki, \u015f\u0259xsi m\u0259lumatlar\u0131n\u0131z\u0131n n\u0259zar\u0259t\u00e7isi sizin m\u00fcqavil\u0259 ba\u011flad\u0131\u011f\u0131n\u0131z \u015firk\u0259tdir \u2014 Qiwi Partner Sp\u00f3\u0142ka z ograniczon\u0105 odpowiedzialno\u015bci\u0105, \u00fcnvan\u0131: 04-332 Var\u015fava, ul. Serocka 20, KRS: 950391, REGON: 521209633, NIP: 1133050888 (bundan sonra \"Administrator\" v\u0259 ya \"\u015eirk\u0259t\" adlan\u0131r).<\/p><p>\u018flaq\u0259 m\u0259lumatlar\u0131: <a href=\"mailto:biuro@qiwipartner.pl\" data-no-translation=\"\" data-no-auto-translation=\"\">biuro@qiwipartner.pl<\/a><\/p><p>Se\u00e7diyiniz xidm\u0259t t\u0259r\u0259fda\u015f\u0131n\u0131n (m\u0259s\u0259l\u0259n, Glovo, Uber, Bolt, Wolt v\u0259 s.) mobil t\u0259tbiqi vasit\u0259sil\u0259 emal olunan \u015f\u0259xsi m\u0259lumatlar\u0131n administratoru m\u00fcvafiq t\u0259r\u0259fda\u015fd\u0131r. Bel\u0259 bir t\u0259r\u0259fda\u015f t\u0259r\u0259find\u0259n m\u0259lumatlar\u0131n\u0131z\u0131n emal\u0131 bar\u0259d\u0259 m\u0259lumat\u0131 birba\u015fa onlardan alacaqs\u0131n\u0131z.<\/p><h2>\u00a0<\/h2><h2><strong>II. M\u0259lumatlar\u0131n qorunmas\u0131 \u00fczr\u0259 m\u0259sul \u015f\u0259xs t\u0259yin edilibmi?<\/strong><\/h2><p>Administrator m\u0259lumatlar\u0131n qorunmas\u0131 \u00fczr\u0259 m\u0259sul \u015f\u0259xs t\u0259yin edib, onunla \u0259laq\u0259 \u00fc\u00e7\u00fcn:<\/p><ul><li>\u015eirk\u0259tin \u00fcnvan\u0131na po\u00e7tla<\/li><li>e-po\u00e7tla: <a href=\"mailto:rodo@qiwipartner.pl\" data-no-translation=\"\" data-no-auto-translation=\"\">rodo@qiwipartner.pl<\/a><\/li><li>telefonla: 604-782-535<\/li><\/ul><h2>\u00a0<\/h2><h2><strong>III. \u015e\u0259xsi m\u0259lumatlar\u0131n\u0131z\u0131 hans\u0131 m\u0259qs\u0259dl\u0259 v\u0259 hans\u0131 h\u00fcquqi \u0259sasla emal edirik?<\/strong><\/h2><p>1) \u018fg\u0259r siz n\u0259qliyyat vasit\u0259si icar\u0259y\u0259 ver\u0259nsinizs\u0259:<\/p><p>Sizin m\u0259lumatlar\u0131n\u0131z a\u015fa\u011f\u0131dak\u0131 m\u0259qs\u0259dl\u0259r \u00fc\u00e7\u00fcn emal olunur:<\/p><ul><li>M\u00fcqavil\u0259nin icras\u0131 v\u0259 hesablar\u0131n t\u0259nziml\u0259nm\u0259si (GDPR-in 6(1)(b) madd\u0259si)<\/li><li>M\u00fcqavil\u0259 ba\u011flanmazdan \u0259vv\u0259l \u015f\u0259xsiyy\u0259tin t\u0259sdiqi (\u015eirk\u0259tin qanuni mara\u011f\u0131 \u2014 GDPR-in 6(1)(f) madd\u0259si)<\/li><li>M\u00fchasibat u\u00e7otu v\u0259 vergi \u00f6hd\u0259likl\u0259rinin yerin\u0259 yetirilm\u0259si (GDPR-in 6(1)(c) madd\u0259si)<\/li><li>M\u00fcqavil\u0259nin icras\u0131 il\u0259 \u0259laq\u0259dar \u0259laq\u0259ni saxlamaq (GDPR-in 6-c\u0131 madd\u0259si, 1-ci b\u0259nd, f) b\u0259ndi)<\/li><li>Potensial iddialar\u0131n m\u00fc\u0259yy\u0259n edilm\u0259si v\u0259 m\u00fcdafi\u0259 edilm\u0259si (GDPR-in 6(1)(f) madd\u0259si)<\/li><li>\u015eirk\u0259tin m\u0259hsul v\u0259 xidm\u0259tl\u0259ri bar\u0259d\u0259 marketinq m\u0259lumatlar\u0131n\u0131n g\u00f6nd\u0259rilm\u0259si (\u0259laq\u0259 kanal\u0131 il\u0259 ba\u011fl\u0131 raz\u0131l\u0131\u011f\u0131n\u0131z \u0259sas\u0131nda)<\/li><li>Eternis Group \u015firk\u0259tl\u0259rinin m\u0259hsul v\u0259 xidm\u0259tl\u0259ri bar\u0259d\u0259 marketinq m\u0259lumatlar\u0131n\u0131n g\u00f6nd\u0259rilm\u0259si (\u0259laq\u0259 kanal\u0131 il\u0259 ba\u011fl\u0131 raz\u0131l\u0131\u011f\u0131n\u0131z \u0259sas\u0131nda)<\/li><\/ul><p>\u00a0<\/p><p>2) \u018fg\u0259r siz n\u0259qliyyat vasit\u0259si istifad\u0259\u00e7isisinizs\u0259:<\/p><p>M\u0259lumatlar\u0131n emal\u0131 \u00fc\u00e7\u00fcn m\u0259qs\u0259d v\u0259 h\u00fcquqi \u0259saslar yuxar\u0131da g\u00f6st\u0259ril\u0259nl\u0259r\u0259 b\u0259nz\u0259yir (m\u00fcqavil\u0259nin icras\u0131, \u015f\u0259xsiyy\u0259tin t\u0259sdiqi, m\u00fchasibat u\u00e7otu \u00f6hd\u0259likl\u0259ri, \u0259laq\u0259, iddialar, marketinq).<\/p><p>3) \u018fg\u0259r siz n\u0259qliyyat vasit\u0259sinin icar\u0259\u00e7isisinizs\u0259:<\/p><p>M\u0259lumat a\u015fa\u011f\u0131dak\u0131 m\u0259qs\u0259dl\u0259r \u00fc\u00e7\u00fcn emal edilir:<\/p><ul><li>M\u00fcqavil\u0259nin icras\u0131<\/li><li>\u015f\u0259xsiyy\u0259t yoxlamalar\u0131<\/li><li>M\u00fchasibat v\u0259 vergi \u00f6hd\u0259likl\u0259rinin yerin\u0259 yetirilm\u0259si<\/li><li>\u018flaq\u0259d\u0259 qalmaq<\/li><li>\u0130ddialar\u0131n m\u00fc\u0259yy\u0259n edilm\u0259si v\u0259 qorunmas\u0131<\/li><li>\u0130car\u0259y\u0259 g\u00f6t\u00fcr\u00fclm\u00fc\u015f n\u0259qliyyat vasit\u0259l\u0259rinin monitorinqi (\u015eirk\u0259tin qanuni mara\u011f\u0131 \u2014 \u0259mlak\u0131n t\u0259hl\u00fck\u0259sizliyinin v\u0259 avtomobil park\u0131n\u0131n idar\u0259 edilm\u0259sinin t\u0259min edilm\u0259si)<\/li><li>marketinq m\u0259lumatlar\u0131n\u0131n g\u00f6nd\u0259rilm\u0259si (\u0259laq\u0259 kanal\u0131 bar\u0259d\u0259 raz\u0131la\u015fma \u015f\u0259rti il\u0259)<\/li><\/ul><p>\u00a0<\/p><p>4) \u018fg\u0259r siz podrat\u00e7\u0131s\u0131n\u0131zsa (agentlik m\u00fcqavil\u0259si \u0259sas\u0131nda):<\/p><p>M\u0259lumat a\u015fa\u011f\u0131dak\u0131 m\u0259qs\u0259dl\u0259r \u00fc\u00e7\u00fcn emal edilir:<\/p><ul><li>M\u00fcqavil\u0259nin icras\u0131<\/li><li>\u015f\u0259xsiyy\u0259t yoxlamalar\u0131<\/li><li>M\u00fchasibat v\u0259 vergi \u00f6hd\u0259likl\u0259rinin yerin\u0259 yetirilm\u0259si<\/li><li>\u018flaq\u0259d\u0259 qalmaq<\/li><li>\u0130ddialar\u0131n m\u00fc\u0259yy\u0259n edilm\u0259si v\u0259 qorunmas\u0131<\/li><li>marketinq m\u0259qs\u0259dl\u0259ri \u00fc\u00e7\u00fcn (\u0259laq\u0259 kanal\u0131 bar\u0259d\u0259 raz\u0131l\u0131\u011fa \u0259sas\u0259n)<\/li><\/ul><p>\u00a0<\/p><p>5) \u018fg\u0259r h\u00fcquqi \u015f\u0259xsi t\u0259msil edirsinizs\u0259 v\u0259 ya \u0259laq\u0259 \u015f\u0259xsi olsan\u0131z:<\/p><p>Sizin m\u0259lumatlar\u0131n\u0131z a\u015fa\u011f\u0131dak\u0131 m\u0259qs\u0259dl\u0259r \u00fc\u00e7\u00fcn emal olunur:<\/p><ul><li>M\u00fcqavil\u0259nin ba\u011flanmas\u0131 v\u0259 icras\u0131<\/li><li>M\u00fcqavil\u0259d\u0259 t\u0259r\u0259fi t\u0259msil etm\u0259y\u0259 s\u0259lahiyy\u0259tli \u015f\u0259xsl\u0259rin m\u00fc\u0259yy\u0259n edilm\u0259si<\/li><li>M\u00fchasibat v\u0259 vergi \u00f6hd\u0259likl\u0259rinin yerin\u0259 yetirilm\u0259si<\/li><li>M\u00fcmk\u00fcn iddialar\u0131n ir\u0259li s\u00fcr\u00fclm\u0259si v\u0259 m\u00fcdafi\u0259si<\/li><li>Davaml\u0131 \u0259laq\u0259 v\u0259 yaz\u0131\u015fmalar\u0131n qorunmas\u0131<\/li><\/ul><h2>\u00a0<\/h2><h2><strong>IV. Biz m\u0259lumatlar\u0131n\u0131z\u0131 n\u0259 q\u0259d\u0259r m\u00fcdd\u0259t emal edirik?<\/strong><\/h2><p>\u015e\u0259xsi m\u0259lumatlar\u0131n\u0131z emal olunur:<\/p><ul><li>m\u00fcqavil\u0259nin m\u00fcdd\u0259ti \u0259rzind\u0259<\/li><li>tamamland\u0131qdan sonra \u2014 qanunla (vergi, m\u00fchasibat u\u00e7otu) m\u00fc\u0259yy\u0259n edilmi\u015f m\u00fcdd\u0259t \u0259rzind\u0259<\/li><li>M\u0259qbul maraq \u0259sas\u0131nda emal edil\u0259n hallarda \u2014 bu maraq h\u0259yata ke\u00e7\u0259n\u0259d\u0259k v\u0259 ya siz etiraz ed\u0259n\u0259d\u0259k<\/li><li>Raz\u0131l\u0131\u011fa \u0259saslanan emal\u0131n hal\u0131nda \u2014 bel\u0259 raz\u0131l\u0131q geri g\u00f6t\u00fcr\u00fcl\u0259n\u0259d\u0259k<\/li><\/ul><p>\u00a0<\/p><p>D\u00f6vr, iddialar\u0131 m\u00fcdafi\u0259 etm\u0259k v\u0259 ya ir\u0259li s\u00fcrm\u0259k \u00fc\u00e7\u00fcn z\u0259rur\u0259t yarand\u0131qda uzad\u0131la bil\u0259r.<\/p><h2>\u00a0<\/h2><h2><strong>V. Biz m\u0259lumatlar\u0131n\u0131z\u0131 kiml\u0259rl\u0259 payla\u015f\u0131r\u0131q?<\/strong><\/h2><p>M\u0259lumatlar\u0131n\u0131z \u00f6t\u00fcr\u00fcl\u0259 bil\u0259r:<\/p><ul><li>s\u0259lahiyy\u0259tli d\u00f6vl\u0259t orqanlar\u0131<\/li><li>Eternis qrupunun \u015firk\u0259tl\u0259ri (Administratora xidm\u0259t g\u00f6st\u0259rilm\u0259si \u00e7\u0259r\u00e7iv\u0259sind\u0259)<\/li><li>Administratora xidm\u0259tl\u0259r (x\u00fcsusil\u0259 \u0130T xidm\u0259tl\u0259ri) g\u00f6st\u0259r\u0259n podrat\u00e7\u0131lar<\/li><\/ul><h2>\u00a0<\/h2><h2><strong>VI. M\u0259lumat verm\u0259k m\u0259cburidirmi?<\/strong><\/h2><p>\u015e\u0259xsi m\u0259lumatlar\u0131n t\u0259qdim edilm\u0259si k\u00f6n\u00fcll\u00fcd\u00fcr, lakin m\u00fcqavil\u0259nin ba\u011flanmas\u0131 \u00fc\u00e7\u00fcn z\u0259ruridir.<\/p><h2>\u00a0<\/h2><h2><strong>VII. M\u0259lumatlar\u0131n\u0131z\u0131 haradan \u0259ld\u0259 etdik?<\/strong><\/h2><p>Birba\u015fa sizd\u0259n v\u0259 ya h\u00fcquqi \u015f\u0259xsl\u0259rin n\u00fcmay\u0259nd\u0259l\u0259ri olduqda t\u0259msil etdiyiniz \u015firk\u0259td\u0259n \u0259ld\u0259 olunan m\u0259lumatlar.<\/p><h2>\u00a0<\/h2><h2><strong>VIII. H\u00fcquqlar\u0131n\u0131z n\u0259dir?<\/strong><\/h2><p>Siz a\u015fa\u011f\u0131dak\u0131 h\u00fcquqlara maliksiniz:<\/p><ul><li>M\u0259lumatlar\u0131n\u0131za \u00e7\u0131x\u0131\u015f \u0259ld\u0259 etm\u0259k v\u0259 onun sur\u0259tini \u0259ld\u0259 etm\u0259k<\/li><li>D\u00fczg\u00fcn olmayan v\u0259 ya natamam m\u0259lumatlar\u0131 d\u00fcz\u0259ltm\u0259k<\/li><li>m\u0259lumat\u0131 silm\u0259k (qanunda n\u0259z\u0259rd\u0259 tutulmu\u015f hallarda)<\/li><li>emal m\u0259hdudiyy\u0259tl\u0259ri bar\u0259d\u0259<\/li><li>emal etm\u0259y\u0259 etirazlar (\u0259g\u0259r bu, qanuni maraq \u0259sas\u0131nda apar\u0131l\u0131rsa)<\/li><li>m\u0259lumat \u00f6t\u00fcrm\u0259si \u00fc\u00e7\u00fcn<\/li><li>N\u0259zar\u0259t orqan\u0131na (Varsoviyadak\u0131 \u015e\u0259xsi M\u0259lumatlar\u0131n M\u00fchafiz\u0259si \u0130dar\u0259sinin Prezidentin\u0259) \u015fikay\u0259t verm\u0259k<\/li><\/ul><p>\u00a0<\/p><p>H\u00fcquqlar\u0131n\u0131z\u0131n t\u0259tbiqi il\u0259 ba\u011fl\u0131 suallar \u00fc\u00e7\u00fcn z\u0259hm\u0259t olmasa \u0259laq\u0259 saxlay\u0131n: <a href=\"mailto:rodo@qiwipartner.pl\" data-no-translation=\"\" data-no-auto-translation=\"\">rodo@qiwipartner.pl<\/a> v\u0259 ya \u015eirk\u0259tin \u00fcnvan\u0131na po\u00e7tla.<\/p><p>Z\u0259hm\u0259t olmasa n\u0259z\u0259r\u0259 al\u0131n ki, bu h\u00fcquqlar m\u00fctl\u0259q deyil v\u0259 m\u00fcvafiq qanunvericiliy\u0259 uy\u011fun t\u0259tbiq edilir.<\/p>\t\t\t\t\t\t\t\t<\/div>\n\t\t\t\t<\/div>\n\t\t\t\t\t<\/div>\n\t\t\t\t<\/div>\n\t\t\t\t<\/div>","protected":false},"excerpt":{"rendered":"<p>\u0406\u041d\u0424\u041e\u0420\u041c\u0410\u0426\u0406\u0419\u041d\u0410 \u041a\u041b\u0410\u0423\u0417\u0423\u041b\u0410 \u0423\u043a\u043b\u0430\u0434\u0430\u044e\u0447\u0438 \u0437 \u043d\u0430\u043c\u0438 \u0434\u043e\u0433\u043e\u0432\u0456\u0440 \u043e\u0440\u0435\u043d\u0434\u0438\/\u043d\u0430\u0439\u043c\u0443 \u0442\u0440\u0430\u043d\u0441\u043f\u043e\u0440\u0442\u043d\u043e\u0433\u043e \u0437\u0430\u0441\u043e\u0431\u0443 \u0442\u0430 \u0434\u043e\u0433\u043e\u0432\u0456\u0440 \u0434\u043e\u0440\u0443\u0447\u0435\u043d\u043d\u044f \u043d\u0430 \u043d\u0430\u0434\u0430\u043d\u043d\u044f \u043f\u043e\u0441\u043b\u0443\u0433 \u0432\u043e\u0434\u0456\u044f \u0442\u0430\u043a\u0441\u0456 \u0430\u0431\u043e \u043a\u0443\u0440\u2019\u0454\u0440\u0430 \u0437 \u0434\u043e\u0441\u0442\u0430\u0432\u043a\u0438 \u0457\u0436\u0456 (\u00ab\u0414\u043e\u0433\u043e\u0432\u0456\u0440\u00bb), \u0432\u0438 \u043f\u0435\u0440\u0435\u0434\u0430\u0454\u0442\u0435 \u043d\u0430\u043c \u0441\u0432\u043e\u0457 \u043f\u0435\u0440\u0441\u043e\u043d\u0430\u043b\u044c\u043d\u0456 \u0434\u0430\u043d\u0456. \u0423 \u0437\u0432\u2019\u044f\u0437\u043a\u0443 \u0437 \u0446\u0438\u043c \u0432\u0438 \u043c\u0430\u0454\u0442\u0435 \u043f\u0440\u0430\u0432\u043e \u043e\u0442\u0440\u0438\u043c\u0430\u0442\u0438 \u0456\u043d\u0444\u043e\u0440\u043c\u0430\u0446\u0456\u044e \u043f\u0440\u043e \u0442\u0435, \u0437 \u044f\u043a\u043e\u044e \u043c\u0435\u0442\u043e\u044e \u041a\u043e\u043c\u043f\u0430\u043d\u0456\u044f \u0431\u0443\u0434\u0435 \u0457\u0445 \u0432\u0438\u043a\u043e\u0440\u0438\u0441\u0442\u043e\u0432\u0443\u0432\u0430\u0442\u0438, \u043d\u0430 \u044f\u043a\u0456\u0439 \u043f\u0440\u0430\u0432\u043e\u0432\u0456\u0439 \u043f\u0456\u0434\u0441\u0442\u0430\u0432\u0456 \u0442\u0430 \u044f\u043a\u0456 \u043f\u0440\u0430\u0432\u0430 \u0432\u0430\u043c [&hellip;]<\/p>","protected":false},"author":4,"featured_media":0,"parent":0,"menu_order":0,"comment_status":"closed","ping_status":"closed","template":"","meta":{"footnotes":""},"class_list":["post-8494","page","type-page","status-publish","hentry"],"yoast_head":"<!-- This site is optimized with the Yoast SEO plugin v25.7 - https:\/\/yoast.com\/wordpress\/plugins\/seo\/ -->\n<title>Information Clause - Qiwipartner<\/title>\n<meta name=\"robots\" content=\"index, follow, max-snippet:-1, max-image-preview:large, max-video-preview:-1\" \/>\n<link rel=\"canonical\" href=\"https:\/\/qiwipartner.pl\/az\/information-clause\/\" \/>\n<meta property=\"og:locale\" content=\"az_AZ\" \/>\n<meta property=\"og:type\" content=\"article\" \/>\n<meta property=\"og:title\" content=\"Information Clause - Qiwipartner\" \/>\n<meta property=\"og:description\" content=\"\u0406\u041d\u0424\u041e\u0420\u041c\u0410\u0426\u0406\u0419\u041d\u0410 \u041a\u041b\u0410\u0423\u0417\u0423\u041b\u0410 \u0423\u043a\u043b\u0430\u0434\u0430\u044e\u0447\u0438 \u0437 \u043d\u0430\u043c\u0438 \u0434\u043e\u0433\u043e\u0432\u0456\u0440 \u043e\u0440\u0435\u043d\u0434\u0438\/\u043d\u0430\u0439\u043c\u0443 \u0442\u0440\u0430\u043d\u0441\u043f\u043e\u0440\u0442\u043d\u043e\u0433\u043e \u0437\u0430\u0441\u043e\u0431\u0443 \u0442\u0430 \u0434\u043e\u0433\u043e\u0432\u0456\u0440 \u0434\u043e\u0440\u0443\u0447\u0435\u043d\u043d\u044f \u043d\u0430 \u043d\u0430\u0434\u0430\u043d\u043d\u044f \u043f\u043e\u0441\u043b\u0443\u0433 \u0432\u043e\u0434\u0456\u044f \u0442\u0430\u043a\u0441\u0456 \u0430\u0431\u043e \u043a\u0443\u0440\u2019\u0454\u0440\u0430 \u0437 \u0434\u043e\u0441\u0442\u0430\u0432\u043a\u0438 \u0457\u0436\u0456 (\u00ab\u0414\u043e\u0433\u043e\u0432\u0456\u0440\u00bb), \u0432\u0438 \u043f\u0435\u0440\u0435\u0434\u0430\u0454\u0442\u0435 \u043d\u0430\u043c \u0441\u0432\u043e\u0457 \u043f\u0435\u0440\u0441\u043e\u043d\u0430\u043b\u044c\u043d\u0456 \u0434\u0430\u043d\u0456. \u0423 \u0437\u0432\u2019\u044f\u0437\u043a\u0443 \u0437 \u0446\u0438\u043c \u0432\u0438 \u043c\u0430\u0454\u0442\u0435 \u043f\u0440\u0430\u0432\u043e \u043e\u0442\u0440\u0438\u043c\u0430\u0442\u0438 \u0456\u043d\u0444\u043e\u0440\u043c\u0430\u0446\u0456\u044e \u043f\u0440\u043e \u0442\u0435, \u0437 \u044f\u043a\u043e\u044e \u043c\u0435\u0442\u043e\u044e \u041a\u043e\u043c\u043f\u0430\u043d\u0456\u044f \u0431\u0443\u0434\u0435 \u0457\u0445 \u0432\u0438\u043a\u043e\u0440\u0438\u0441\u0442\u043e\u0432\u0443\u0432\u0430\u0442\u0438, \u043d\u0430 \u044f\u043a\u0456\u0439 \u043f\u0440\u0430\u0432\u043e\u0432\u0456\u0439 \u043f\u0456\u0434\u0441\u0442\u0430\u0432\u0456 \u0442\u0430 \u044f\u043a\u0456 \u043f\u0440\u0430\u0432\u0430 \u0432\u0430\u043c [&hellip;]\" \/>\n<meta property=\"og:url\" content=\"https:\/\/qiwipartner.pl\/az\/information-clause\/\" \/>\n<meta property=\"og:site_name\" content=\"Qiwipartner\" \/>\n<meta property=\"article:modified_time\" content=\"2026-03-03T14:50:35+00:00\" \/>\n<meta name=\"twitter:card\" content=\"summary_large_image\" \/>\n<meta name=\"twitter:label1\" content=\"Est. reading time\" \/>\n\t<meta name=\"twitter:data1\" content=\"4 minutes\" \/>\n<script type=\"application\/ld+json\" class=\"yoast-schema-graph\">{\"@context\":\"https:\/\/schema.org\",\"@graph\":[{\"@type\":\"WebPage\",\"@id\":\"https:\/\/qiwipartner.pl\/pl\/information-clause\/\",\"url\":\"https:\/\/qiwipartner.pl\/pl\/information-clause\/\",\"name\":\"Information Clause - Qiwipartner\",\"isPartOf\":{\"@id\":\"https:\/\/qiwipartner.pl\/#website\"},\"datePublished\":\"2026-03-03T14:41:29+00:00\",\"dateModified\":\"2026-03-03T14:50:35+00:00\",\"breadcrumb\":{\"@id\":\"https:\/\/qiwipartner.pl\/pl\/information-clause\/#breadcrumb\"},\"inLanguage\":\"az\",\"potentialAction\":[{\"@type\":\"ReadAction\",\"target\":[\"https:\/\/qiwipartner.pl\/pl\/information-clause\/\"]}]},{\"@type\":\"BreadcrumbList\",\"@id\":\"https:\/\/qiwipartner.pl\/pl\/information-clause\/#breadcrumb\",\"itemListElement\":[{\"@type\":\"ListItem\",\"position\":1,\"name\":\"Home\",\"item\":\"https:\/\/qiwipartner.pl\/\"},{\"@type\":\"ListItem\",\"position\":2,\"name\":\"Information Clause\"}]},{\"@type\":\"WebSite\",\"@id\":\"https:\/\/qiwipartner.pl\/#website\",\"url\":\"https:\/\/qiwipartner.pl\/\",\"name\":\"Qiwipartner\",\"description\":\"\",\"publisher\":{\"@id\":\"https:\/\/qiwipartner.pl\/#organization\"},\"potentialAction\":[{\"@type\":\"SearchAction\",\"target\":{\"@type\":\"EntryPoint\",\"urlTemplate\":\"https:\/\/qiwipartner.pl\/?s={search_term_string}\"},\"query-input\":{\"@type\":\"PropertyValueSpecification\",\"valueRequired\":true,\"valueName\":\"search_term_string\"}}],\"inLanguage\":\"az\"},{\"@type\":\"Organization\",\"@id\":\"https:\/\/qiwipartner.pl\/#organization\",\"name\":\"Qiwipartner\",\"url\":\"https:\/\/qiwipartner.pl\/\",\"logo\":{\"@type\":\"ImageObject\",\"inLanguage\":\"az\",\"@id\":\"https:\/\/qiwipartner.pl\/#\/schema\/logo\/image\/\",\"url\":\"https:\/\/qiwipartner.pl\/wp-content\/uploads\/2025\/03\/qiwi-logo-animated-2.svg\",\"contentUrl\":\"https:\/\/qiwipartner.pl\/wp-content\/uploads\/2025\/03\/qiwi-logo-animated-2.svg\",\"width\":111,\"height\":56,\"caption\":\"Qiwipartner\"},\"image\":{\"@id\":\"https:\/\/qiwipartner.pl\/#\/schema\/logo\/image\/\"}}]}<\/script>\n<!-- \/ Yoast SEO plugin. -->","yoast_head_json":{"title":"M\u0259lumat b\u0259ndi - Qiwipartner","robots":{"index":"index","follow":"follow","max-snippet":"max-snippet:-1","max-image-preview":"max-image-preview:large","max-video-preview":"max-video-preview:-1"},"canonical":"https:\/\/qiwipartner.pl\/az\/information-clause\/","og_locale":"az_AZ","og_type":"article","og_title":"Information Clause - Qiwipartner","og_description":"\u0406\u041d\u0424\u041e\u0420\u041c\u0410\u0426\u0406\u0419\u041d\u0410 \u041a\u041b\u0410\u0423\u0417\u0423\u041b\u0410 \u0423\u043a\u043b\u0430\u0434\u0430\u044e\u0447\u0438 \u0437 \u043d\u0430\u043c\u0438 \u0434\u043e\u0433\u043e\u0432\u0456\u0440 \u043e\u0440\u0435\u043d\u0434\u0438\/\u043d\u0430\u0439\u043c\u0443 \u0442\u0440\u0430\u043d\u0441\u043f\u043e\u0440\u0442\u043d\u043e\u0433\u043e \u0437\u0430\u0441\u043e\u0431\u0443 \u0442\u0430 \u0434\u043e\u0433\u043e\u0432\u0456\u0440 \u0434\u043e\u0440\u0443\u0447\u0435\u043d\u043d\u044f \u043d\u0430 \u043d\u0430\u0434\u0430\u043d\u043d\u044f \u043f\u043e\u0441\u043b\u0443\u0433 \u0432\u043e\u0434\u0456\u044f \u0442\u0430\u043a\u0441\u0456 \u0430\u0431\u043e \u043a\u0443\u0440\u2019\u0454\u0440\u0430 \u0437 \u0434\u043e\u0441\u0442\u0430\u0432\u043a\u0438 \u0457\u0436\u0456 (\u00ab\u0414\u043e\u0433\u043e\u0432\u0456\u0440\u00bb), \u0432\u0438 \u043f\u0435\u0440\u0435\u0434\u0430\u0454\u0442\u0435 \u043d\u0430\u043c \u0441\u0432\u043e\u0457 \u043f\u0435\u0440\u0441\u043e\u043d\u0430\u043b\u044c\u043d\u0456 \u0434\u0430\u043d\u0456. \u0423 \u0437\u0432\u2019\u044f\u0437\u043a\u0443 \u0437 \u0446\u0438\u043c \u0432\u0438 \u043c\u0430\u0454\u0442\u0435 \u043f\u0440\u0430\u0432\u043e \u043e\u0442\u0440\u0438\u043c\u0430\u0442\u0438 \u0456\u043d\u0444\u043e\u0440\u043c\u0430\u0446\u0456\u044e \u043f\u0440\u043e \u0442\u0435, \u0437 \u044f\u043a\u043e\u044e \u043c\u0435\u0442\u043e\u044e \u041a\u043e\u043c\u043f\u0430\u043d\u0456\u044f \u0431\u0443\u0434\u0435 \u0457\u0445 \u0432\u0438\u043a\u043e\u0440\u0438\u0441\u0442\u043e\u0432\u0443\u0432\u0430\u0442\u0438, \u043d\u0430 \u044f\u043a\u0456\u0439 \u043f\u0440\u0430\u0432\u043e\u0432\u0456\u0439 \u043f\u0456\u0434\u0441\u0442\u0430\u0432\u0456 \u0442\u0430 \u044f\u043a\u0456 \u043f\u0440\u0430\u0432\u0430 \u0432\u0430\u043c [&hellip;]","og_url":"https:\/\/qiwipartner.pl\/az\/information-clause\/","og_site_name":"Qiwipartner","article_modified_time":"2026-03-03T14:50:35+00:00","twitter_card":"summary_large_image","twitter_misc":{"Est. reading time":"4 minutes"},"schema":{"@context":"https:\/\/schema.org","@graph":[{"@type":"WebPage","@id":"https:\/\/qiwipartner.pl\/pl\/information-clause\/","url":"https:\/\/qiwipartner.pl\/pl\/information-clause\/","name":"M\u0259lumat b\u0259ndi - Qiwipartner","isPartOf":{"@id":"https:\/\/qiwipartner.pl\/#website"},"datePublished":"2026-03-03T14:41:29+00:00","dateModified":"2026-03-03T14:50:35+00:00","breadcrumb":{"@id":"https:\/\/qiwipartner.pl\/pl\/information-clause\/#breadcrumb"},"inLanguage":"az","potentialAction":[{"@type":"ReadAction","target":["https:\/\/qiwipartner.pl\/pl\/information-clause\/"]}]},{"@type":"BreadcrumbList","@id":"https:\/\/qiwipartner.pl\/pl\/information-clause\/#breadcrumb","itemListElement":[{"@type":"ListItem","position":1,"name":"Home","item":"https:\/\/qiwipartner.pl\/"},{"@type":"ListItem","position":2,"name":"Information Clause"}]},{"@type":"WebSite","@id":"https:\/\/qiwipartner.pl\/#website","url":"https:\/\/qiwipartner.pl\/","name":"Qiwipartner","description":"","publisher":{"@id":"https:\/\/qiwipartner.pl\/#organization"},"potentialAction":[{"@type":"SearchAction","target":{"@type":"EntryPoint","urlTemplate":"https:\/\/qiwipartner.pl\/?s={search_term_string}"},"query-input":{"@type":"PropertyValueSpecification","valueRequired":true,"valueName":"search_term_string"}}],"inLanguage":"az"},{"@type":"Organization","@id":"https:\/\/qiwipartner.pl\/#organization","name":"Qiwipartner","url":"https:\/\/qiwipartner.pl\/","logo":{"@type":"ImageObject","inLanguage":"az","@id":"https:\/\/qiwipartner.pl\/#\/schema\/logo\/image\/","url":"https:\/\/qiwipartner.pl\/wp-content\/uploads\/2025\/03\/qiwi-logo-animated-2.svg","contentUrl":"https:\/\/qiwipartner.pl\/wp-content\/uploads\/2025\/03\/qiwi-logo-animated-2.svg","width":111,"height":56,"caption":"Qiwipartner"},"image":{"@id":"https:\/\/qiwipartner.pl\/#\/schema\/logo\/image\/"}}]}},"_links":{"self":[{"href":"https:\/\/qiwipartner.pl\/az\/wp-json\/wp\/v2\/pages\/8494","targetHints":{"allow":["GET"]}}],"collection":[{"href":"https:\/\/qiwipartner.pl\/az\/wp-json\/wp\/v2\/pages"}],"about":[{"href":"https:\/\/qiwipartner.pl\/az\/wp-json\/wp\/v2\/types\/page"}],"author":[{"embeddable":true,"href":"https:\/\/qiwipartner.pl\/az\/wp-json\/wp\/v2\/users\/4"}],"replies":[{"embeddable":true,"href":"https:\/\/qiwipartner.pl\/az\/wp-json\/wp\/v2\/comments?post=8494"}],"version-history":[{"count":4,"href":"https:\/\/qiwipartner.pl\/az\/wp-json\/wp\/v2\/pages\/8494\/revisions"}],"predecessor-version":[{"id":8499,"href":"https:\/\/qiwipartner.pl\/az\/wp-json\/wp\/v2\/pages\/8494\/revisions\/8499"}],"wp:attachment":[{"href":"https:\/\/qiwipartner.pl\/az\/wp-json\/wp\/v2\/media?parent=8494"}],"curies":[{"name":"wp","href":"https:\/\/api.w.org\/{rel}","templated":true}]}}