{"id":3,"date":"2025-03-10T16:11:04","date_gmt":"2025-03-10T16:11:04","guid":{"rendered":"https:\/\/qiwipartner.pl\/?page_id=3"},"modified":"2026-04-24T14:54:31","modified_gmt":"2026-04-24T14:54:31","slug":"privacy-policy","status":"publish","type":"page","link":"https:\/\/qiwipartner.pl\/pl\/privacy-policy\/","title":{"rendered":"Polityka prywatno\u015bci"},"content":{"rendered":"<div data-elementor-type=\"wp-page\" data-elementor-id=\"3\" class=\"elementor elementor-3\" data-elementor-post-type=\"page\">\n\t\t\t\t<div class=\"elementor-element elementor-element-9a8e4bf e-flex e-con-boxed e-con e-parent\" data-id=\"9a8e4bf\" data-element_type=\"container\" data-e-type=\"container\">\n\t\t\t\t\t<div class=\"e-con-inner\">\n\t\t\t\t<div class=\"elementor-element elementor-element-c872f30 elementor-align-left elementor-widget elementor-widget-breadcrumbs\" data-id=\"c872f30\" data-element_type=\"widget\" data-e-type=\"widget\" data-widget_type=\"breadcrumbs.default\">\n\t\t\t\t<div class=\"elementor-widget-container\">\n\t\t\t\t\t<div id=\"breadcrumbs\"><span><span><a href=\"https:\/\/qiwipartner.pl\/pl\/\">Strona g\u0142\u00f3wna<\/a><\/span><\/span><\/div>\t\t\t\t<\/div>\n\t\t\t\t<\/div>\n\t\t\t\t<div class=\"elementor-element elementor-element-6fd12ae elementor-widget__width-initial elementor-widget elementor-widget-text-editor\" data-id=\"6fd12ae\" data-element_type=\"widget\" data-e-type=\"widget\" data-widget_type=\"text-editor.default\">\n\t\t\t\t<div class=\"elementor-widget-container\">\n\t\t\t\t\t\t\t\t\t<h1 style=\"word-wrap: break-word;\">POLITYKA PRYWATNO\u015aCI I PLIK\u00d3W COOKIE<\/h1><p>Szanuj\u0105c prawo do prywatno\u015bci os\u00f3b odwiedzaj\u0105cych nasz\u0105 stron\u0119 internetow\u0105, o\u015bwiadczamy, \u017ce uzyskane w ten spos\u00f3b dane s\u0105 przetwarzane zgodnie z przepisami krajowymi i europejskimi, a tak\u017ce w warunkach zapewniaj\u0105cych ich bezpiecze\u0144stwo - tj. poufno\u015b\u0107, dost\u0119pno\u015b\u0107, integralno\u015b\u0107 oraz mo\u017cliwo\u015b\u0107 audytu wykonywanych czynno\u015bci.<\/p><h3>Kto jest administratorem danych osobowych u\u017cytkownika?<\/h3><p>Zgodnie z art. 13 ust. 1 i ust. 2 Rozporz\u0105dzenia Parlamentu Europejskiego i Rady (UE) 2016\/679 z dnia 27 kwietnia 2016 r. (RODO\/GDPR) informujemy, \u017ce Administratorem Pani\/Pana danych osobowych jest sp\u00f3\u0142ka, z kt\u00f3r\u0105 zawiera Pani\/Pan umow\u0119 - Qiwi Partner Sp. z o.o. z siedzib\u0105 w Warszawie (04-332), Serocka 20, KRS: 950391, REGON: 521209633, NIP: 1133050888 (dalej: \"Administrator\" lub \"Sp\u00f3\u0142ka\").<br \/>Dane kontaktowe: <a href=\"mailto:biuro@qiwipartner.pl\" data-no-translation=\"\" data-no-auto-translation=\"\">biuro@qiwipartner.pl<\/a><\/p><h3>Czy Administrator wyznaczy\u0142 Inspektora Ochrony Danych?<\/h3><p>W przypadku pyta\u0144 dotycz\u0105cych przetwarzania danych osobowych i zwi\u0105zanych z tym praw mo\u017cna skontaktowa\u0107 si\u0119 z inspektorem ochrony danych wyznaczonym przez Sp\u00f3\u0142k\u0119 pod nast\u0119puj\u0105cym adresem: <a href=\"mailto:rodo@qiwipartner.pl\" data-no-translation=\"\" data-no-auto-translation=\"\">rodo@qiwipartner.pl<\/a> lub pisemnie na adres siedziby wskazany powy\u017cej.<\/p><h3>Jakie dane osobowe przetwarzamy?<\/h3><p>Przetwarzamy takie dane:<\/p><ul><li>dane z formularza kontaktowego: imi\u0119 i nazwisko oraz numer telefonu;<\/li><li>dane uzyskane za po\u015brednictwem plik\u00f3w cookie: Adres IP, dane dotycz\u0105ce korzystania ze strony internetowej, czas wizyty, lokalizacja, system operacyjny, wersja j\u0119zykowa urz\u0105dzenia.<\/li><\/ul><p>Dane te mog\u0105 by\u0107 \u0142\u0105czone z informacjami podanymi w formularzu.<\/p><h3>Cele i podstawa prawna przetwarzania:<\/h3><ol><li>Zapewnienie dzia\u0142ania strony internetowej i jej funkcjonalno\u015bci - art. 6 ust. 1 lit. f) RODO.<\/li><li>Nawi\u0105zanie kontaktu poprzez formularz \"Zosta\u0144 kierowc\u0105 lub kurierem\" - art. 6 ust. 1 lit. b RODO.<\/li><li>Przesy\u0142ki marketingowe - art. 6 ust. 1 lit. f) RODO, pod warunkiem uzyskania odr\u0119bnej zgody.<\/li><li>Ochrona roszcze\u0144 prawnych - art. 6 ust. 1 lit. f) RODO.<\/li><li>Wype\u0142nienie obowi\u0105zk\u00f3w wynikaj\u0105cych z przepis\u00f3w prawa - art. 6 ust. 1 lit. c) RODO.<\/li><\/ol><h3>Komu mo\u017cemy przes\u0142a\u0107 dane u\u017cytkownika?<\/h3><ul><li>organy pa\u0144stwowe upowa\u017cnione na mocy prawa;<\/li><li>Kontrahenci, kt\u00f3rzy \u015bwiadcz\u0105 us\u0142ugi na rzecz sp\u00f3\u0142ki na podstawie um\u00f3w.<\/li><\/ul><h3>Okres przechowywania danych:<\/h3><p>Dane s\u0105 przechowywane przez okres do<\/p><ul><li>zako\u0144czenie podstawy lub celu przetwarzania,<\/li><li>Wycofanie zgody,<\/li><li>wyga\u015bni\u0119cia umowy i obowi\u0105zkowych okres\u00f3w przechowywania,<\/li><li>Zako\u0144czenie ewentualnego post\u0119powania s\u0105dowego.<\/li><\/ul><h3>Zautomatyzowane rozwi\u0105zania:<\/h3><p>Nie podejmujemy zautomatyzowanych decyzji ani nie korzystamy z profili.<\/p><h3>Pliki cookie (ciasteczka):<\/h3><p>U\u017cywamy plik\u00f3w cookie, kt\u00f3re identyfikuj\u0105 przegl\u0105dark\u0119 lub urz\u0105dzenie. Nie zmieniaj\u0105 one ustawie\u0144 urz\u0105dzenia i nie s\u0105 powi\u0105zane z danymi osobowymi.<\/p><h3>Okres przechowywania plik\u00f3w cookie:<\/h3><ul><li>Komercyjne ciasteczka - 1 rok<\/li><li>CookiesBanner - 1 rok<\/li><li>Funkcjonalne ciasteczka - 1 rok<\/li><li>Wydajno\u015b\u0107-ciasteczka - 1 rok<\/li><\/ul><h3>Twoje prawa:<\/h3><ul><li>Dost\u0119p do danych;<\/li><li>Usuwanie danych;<\/li><li>Ograniczenia przetwarzania;<\/li><li>Transfer danych;<\/li><li>Sprzeciw wobec przetwarzania danych;<\/li><li>Skarga do organu nadzorczego.<\/li><\/ul><p>Wykonywanie praw: <a href=\"mailto:rodo@qiwipartner.pl\" data-no-translation=\"\" data-no-auto-translation=\"\">rodo@qiwipartner.pl<\/a><\/p><h3>Dobrowolne dostarczanie danych:<\/h3><p>Podanie danych jest dobrowolne, ale niezb\u0119dne do nawi\u0105zania kontaktu, rozpatrzenia wniosku lub rozpocz\u0119cia wsp\u00f3\u0142pracy.<\/p><h3>Zmiany w Polityce prywatno\u015bci:<\/h3><p>Niniejszy dokument mo\u017ce ulec zmianie, a jego aktualizacje b\u0119d\u0105 publikowane na stronie internetowej.<\/p><p>Data ostatniej aktualizacji: 05.01.2026.<\/p>\t\t\t\t\t\t\t\t<\/div>\n\t\t\t\t<\/div>\n\t\t\t\t\t<\/div>\n\t\t\t\t<\/div>\n\t\t\t\t<\/div>","protected":false},"excerpt":{"rendered":"<p>\u041f\u041e\u041b\u0406\u0422\u0418\u041a\u0410 \u041a\u041e\u041d\u0424\u0406\u0414\u0415\u041d\u0426\u0406\u0419\u041d\u041e\u0421\u0422\u0406 \u0422\u0410 \u0424\u0410\u0419\u041b\u0406\u0412 COOKIE \u041f\u043e\u0432\u0430\u0436\u0430\u044e\u0447\u0438 \u043f\u0440\u0430\u0432\u043e \u043d\u0430 \u043f\u0440\u0438\u0432\u0430\u0442\u043d\u0456\u0441\u0442\u044c \u043e\u0441\u0456\u0431, \u044f\u043a\u0456 \u0432\u0456\u0434\u0432\u0456\u0434\u0443\u044e\u0442\u044c \u043d\u0430\u0448 \u0441\u0430\u0439\u0442, \u043c\u0438 \u0437\u0430\u044f\u0432\u043b\u044f\u0454\u043c\u043e, \u0449\u043e \u043e\u0442\u0440\u0438\u043c\u0430\u043d\u0456 \u0442\u0430\u043a\u0438\u043c \u0447\u0438\u043d\u043e\u043c \u0434\u0430\u043d\u0456 \u043e\u0431\u0440\u043e\u0431\u043b\u044f\u044e\u0442\u044c\u0441\u044f \u0432\u0456\u0434\u043f\u043e\u0432\u0456\u0434\u043d\u043e \u0434\u043e \u043d\u0430\u0446\u0456\u043e\u043d\u0430\u043b\u044c\u043d\u0438\u0445 \u0442\u0430 \u0454\u0432\u0440\u043e\u043f\u0435\u0439\u0441\u044c\u043a\u0438\u0445 \u043d\u043e\u0440\u043c \u0437\u0430\u043a\u043e\u043d\u043e\u0434\u0430\u0432\u0441\u0442\u0432\u0430, \u0430 \u0442\u0430\u043a\u043e\u0436 \u0432 \u0443\u043c\u043e\u0432\u0430\u0445, \u0449\u043e \u0437\u0430\u0431\u0435\u0437\u043f\u0435\u0447\u0443\u044e\u0442\u044c \u0457\u0445\u043d\u044e \u0431\u0435\u0437\u043f\u0435\u043a\u0443 \u2014 \u0442\u043e\u0431\u0442\u043e \u043a\u043e\u043d\u0444\u0456\u0434\u0435\u043d\u0446\u0456\u0439\u043d\u0456\u0441\u0442\u044c, \u0434\u043e\u0441\u0442\u0443\u043f\u043d\u0456\u0441\u0442\u044c, \u0446\u0456\u043b\u0456\u0441\u043d\u0456\u0441\u0442\u044c \u0442\u0430 \u043c\u043e\u0436\u043b\u0438\u0432\u0456\u0441\u0442\u044c \u0430\u0443\u0434\u0438\u0442\u0443 \u0434\u0456\u0439, \u0449\u043e \u043f\u0440\u043e\u0432\u043e\u0434\u044f\u0442\u044c\u0441\u044f. \u0425\u0442\u043e \u0454 \u0430\u0434\u043c\u0456\u043d\u0456\u0441\u0442\u0440\u0430\u0442\u043e\u0440\u043e\u043c \u0432\u0430\u0448\u0438\u0445 \u043f\u0435\u0440\u0441\u043e\u043d\u0430\u043b\u044c\u043d\u0438\u0445 \u0434\u0430\u043d\u0438\u0445? \u0412\u0456\u0434\u043f\u043e\u0432\u0456\u0434\u043d\u043e [&hellip;]<\/p>","protected":false},"author":1,"featured_media":0,"parent":0,"menu_order":0,"comment_status":"closed","ping_status":"open","template":"","meta":{"footnotes":""},"class_list":["post-3","page","type-page","status-publish","hentry"],"yoast_head":"<!-- This site is optimized with the Yoast SEO plugin v27.5 - https:\/\/yoast.com\/product\/yoast-seo-wordpress\/ -->\n<title>\u041f\u043e\u043b\u0456\u0442\u0438\u043a\u0430 \u043a\u043e\u043d\u0444\u0456\u0434\u0435\u043d\u0446\u0456\u0439\u043d\u043e\u0441\u0442\u0456 - Qiwipartner<\/title>\n<meta name=\"robots\" content=\"noindex, nofollow\" \/>\n<meta property=\"og:locale\" content=\"pl_PL\" \/>\n<meta property=\"og:type\" content=\"article\" \/>\n<meta property=\"og:title\" content=\"\u041f\u043e\u043b\u0456\u0442\u0438\u043a\u0430 \u043a\u043e\u043d\u0444\u0456\u0434\u0435\u043d\u0446\u0456\u0439\u043d\u043e\u0441\u0442\u0456 - Qiwipartner\" \/>\n<meta property=\"og:description\" content=\"\u041f\u041e\u041b\u0406\u0422\u0418\u041a\u0410 \u041a\u041e\u041d\u0424\u0406\u0414\u0415\u041d\u0426\u0406\u0419\u041d\u041e\u0421\u0422\u0406 \u0422\u0410 \u0424\u0410\u0419\u041b\u0406\u0412 COOKIE \u041f\u043e\u0432\u0430\u0436\u0430\u044e\u0447\u0438 \u043f\u0440\u0430\u0432\u043e \u043d\u0430 \u043f\u0440\u0438\u0432\u0430\u0442\u043d\u0456\u0441\u0442\u044c \u043e\u0441\u0456\u0431, \u044f\u043a\u0456 \u0432\u0456\u0434\u0432\u0456\u0434\u0443\u044e\u0442\u044c \u043d\u0430\u0448 \u0441\u0430\u0439\u0442, \u043c\u0438 \u0437\u0430\u044f\u0432\u043b\u044f\u0454\u043c\u043e, \u0449\u043e \u043e\u0442\u0440\u0438\u043c\u0430\u043d\u0456 \u0442\u0430\u043a\u0438\u043c \u0447\u0438\u043d\u043e\u043c \u0434\u0430\u043d\u0456 \u043e\u0431\u0440\u043e\u0431\u043b\u044f\u044e\u0442\u044c\u0441\u044f \u0432\u0456\u0434\u043f\u043e\u0432\u0456\u0434\u043d\u043e \u0434\u043e \u043d\u0430\u0446\u0456\u043e\u043d\u0430\u043b\u044c\u043d\u0438\u0445 \u0442\u0430 \u0454\u0432\u0440\u043e\u043f\u0435\u0439\u0441\u044c\u043a\u0438\u0445 \u043d\u043e\u0440\u043c \u0437\u0430\u043a\u043e\u043d\u043e\u0434\u0430\u0432\u0441\u0442\u0432\u0430, \u0430 \u0442\u0430\u043a\u043e\u0436 \u0432 \u0443\u043c\u043e\u0432\u0430\u0445, \u0449\u043e \u0437\u0430\u0431\u0435\u0437\u043f\u0435\u0447\u0443\u044e\u0442\u044c \u0457\u0445\u043d\u044e \u0431\u0435\u0437\u043f\u0435\u043a\u0443 \u2014 \u0442\u043e\u0431\u0442\u043e \u043a\u043e\u043d\u0444\u0456\u0434\u0435\u043d\u0446\u0456\u0439\u043d\u0456\u0441\u0442\u044c, \u0434\u043e\u0441\u0442\u0443\u043f\u043d\u0456\u0441\u0442\u044c, \u0446\u0456\u043b\u0456\u0441\u043d\u0456\u0441\u0442\u044c \u0442\u0430 \u043c\u043e\u0436\u043b\u0438\u0432\u0456\u0441\u0442\u044c \u0430\u0443\u0434\u0438\u0442\u0443 \u0434\u0456\u0439, \u0449\u043e \u043f\u0440\u043e\u0432\u043e\u0434\u044f\u0442\u044c\u0441\u044f. \u0425\u0442\u043e \u0454 \u0430\u0434\u043c\u0456\u043d\u0456\u0441\u0442\u0440\u0430\u0442\u043e\u0440\u043e\u043c \u0432\u0430\u0448\u0438\u0445 \u043f\u0435\u0440\u0441\u043e\u043d\u0430\u043b\u044c\u043d\u0438\u0445 \u0434\u0430\u043d\u0438\u0445? \u0412\u0456\u0434\u043f\u043e\u0432\u0456\u0434\u043d\u043e [&hellip;]\" \/>\n<meta property=\"og:url\" content=\"https:\/\/qiwipartner.pl\/pl\/privacy-policy\/\" \/>\n<meta property=\"og:site_name\" content=\"Qiwipartner\" \/>\n<meta property=\"article:modified_time\" content=\"2026-04-24T14:54:31+00:00\" \/>\n<meta name=\"twitter:card\" content=\"summary_large_image\" \/>\n<meta name=\"twitter:label1\" content=\"Szacowany czas czytania\" \/>\n\t<meta name=\"twitter:data1\" content=\"3 minuty\" \/>\n<script type=\"application\/ld+json\" class=\"yoast-schema-graph\">{\"@context\":\"https:\\\/\\\/schema.org\",\"@graph\":[{\"@type\":\"WebPage\",\"@id\":\"https:\\\/\\\/qiwipartner.pl\\\/privacy-policy\\\/\",\"url\":\"https:\\\/\\\/qiwipartner.pl\\\/privacy-policy\\\/\",\"name\":\"\u041f\u043e\u043b\u0456\u0442\u0438\u043a\u0430 \u043a\u043e\u043d\u0444\u0456\u0434\u0435\u043d\u0446\u0456\u0439\u043d\u043e\u0441\u0442\u0456 - Qiwipartner\",\"isPartOf\":{\"@id\":\"https:\\\/\\\/qiwipartner.pl\\\/#website\"},\"datePublished\":\"2025-03-10T16:11:04+00:00\",\"dateModified\":\"2026-04-24T14:54:31+00:00\",\"breadcrumb\":{\"@id\":\"https:\\\/\\\/qiwipartner.pl\\\/privacy-policy\\\/#breadcrumb\"},\"inLanguage\":\"pl-PL\",\"potentialAction\":[{\"@type\":\"ReadAction\",\"target\":[\"https:\\\/\\\/qiwipartner.pl\\\/privacy-policy\\\/\"]}]},{\"@type\":\"BreadcrumbList\",\"@id\":\"https:\\\/\\\/qiwipartner.pl\\\/privacy-policy\\\/#breadcrumb\",\"itemListElement\":[{\"@type\":\"ListItem\",\"position\":1,\"name\":\"\u0413\u043e\u043b\u043e\u0432\u043d\u0430\",\"item\":\"https:\\\/\\\/qiwipartner.pl\\\/pl\\\/\"},{\"@type\":\"ListItem\",\"position\":2,\"name\":\"\u041f\u043e\u043b\u0456\u0442\u0438\u043a\u0430 \u043a\u043e\u043d\u0444\u0456\u0434\u0435\u043d\u0446\u0456\u0439\u043d\u043e\u0441\u0442\u0456\"}]},{\"@type\":\"WebSite\",\"@id\":\"https:\\\/\\\/qiwipartner.pl\\\/#website\",\"url\":\"https:\\\/\\\/qiwipartner.pl\\\/\",\"name\":\"Qiwipartner\",\"description\":\"\",\"publisher\":{\"@id\":\"https:\\\/\\\/qiwipartner.pl\\\/#organization\"},\"potentialAction\":[{\"@type\":\"SearchAction\",\"target\":{\"@type\":\"EntryPoint\",\"urlTemplate\":\"https:\\\/\\\/qiwipartner.pl\\\/?s={search_term_string}\"},\"query-input\":{\"@type\":\"PropertyValueSpecification\",\"valueRequired\":true,\"valueName\":\"search_term_string\"}}],\"inLanguage\":\"pl-PL\"},{\"@type\":\"Organization\",\"@id\":\"https:\\\/\\\/qiwipartner.pl\\\/#organization\",\"name\":\"Qiwipartner\",\"url\":\"https:\\\/\\\/qiwipartner.pl\\\/\",\"logo\":{\"@type\":\"ImageObject\",\"inLanguage\":\"pl-PL\",\"@id\":\"https:\\\/\\\/qiwipartner.pl\\\/#\\\/schema\\\/logo\\\/image\\\/\",\"url\":\"https:\\\/\\\/qiwipartner.pl\\\/wp-content\\\/uploads\\\/2025\\\/03\\\/qiwi-logo-animated-2.svg\",\"contentUrl\":\"https:\\\/\\\/qiwipartner.pl\\\/wp-content\\\/uploads\\\/2025\\\/03\\\/qiwi-logo-animated-2.svg\",\"width\":111,\"height\":56,\"caption\":\"Qiwipartner\"},\"image\":{\"@id\":\"https:\\\/\\\/qiwipartner.pl\\\/#\\\/schema\\\/logo\\\/image\\\/\"}}]}<\/script>\n<!-- \/ Yoast SEO plugin. -->","yoast_head_json":{"title":"Polityka prywatno\u015bci - Qiwipartner","robots":{"index":"noindex","follow":"nofollow"},"og_locale":"pl_PL","og_type":"article","og_title":"\u041f\u043e\u043b\u0456\u0442\u0438\u043a\u0430 \u043a\u043e\u043d\u0444\u0456\u0434\u0435\u043d\u0446\u0456\u0439\u043d\u043e\u0441\u0442\u0456 - Qiwipartner","og_description":"\u041f\u041e\u041b\u0406\u0422\u0418\u041a\u0410 \u041a\u041e\u041d\u0424\u0406\u0414\u0415\u041d\u0426\u0406\u0419\u041d\u041e\u0421\u0422\u0406 \u0422\u0410 \u0424\u0410\u0419\u041b\u0406\u0412 COOKIE \u041f\u043e\u0432\u0430\u0436\u0430\u044e\u0447\u0438 \u043f\u0440\u0430\u0432\u043e \u043d\u0430 \u043f\u0440\u0438\u0432\u0430\u0442\u043d\u0456\u0441\u0442\u044c \u043e\u0441\u0456\u0431, \u044f\u043a\u0456 \u0432\u0456\u0434\u0432\u0456\u0434\u0443\u044e\u0442\u044c \u043d\u0430\u0448 \u0441\u0430\u0439\u0442, \u043c\u0438 \u0437\u0430\u044f\u0432\u043b\u044f\u0454\u043c\u043e, \u0449\u043e \u043e\u0442\u0440\u0438\u043c\u0430\u043d\u0456 \u0442\u0430\u043a\u0438\u043c \u0447\u0438\u043d\u043e\u043c \u0434\u0430\u043d\u0456 \u043e\u0431\u0440\u043e\u0431\u043b\u044f\u044e\u0442\u044c\u0441\u044f \u0432\u0456\u0434\u043f\u043e\u0432\u0456\u0434\u043d\u043e \u0434\u043e \u043d\u0430\u0446\u0456\u043e\u043d\u0430\u043b\u044c\u043d\u0438\u0445 \u0442\u0430 \u0454\u0432\u0440\u043e\u043f\u0435\u0439\u0441\u044c\u043a\u0438\u0445 \u043d\u043e\u0440\u043c \u0437\u0430\u043a\u043e\u043d\u043e\u0434\u0430\u0432\u0441\u0442\u0432\u0430, \u0430 \u0442\u0430\u043a\u043e\u0436 \u0432 \u0443\u043c\u043e\u0432\u0430\u0445, \u0449\u043e \u0437\u0430\u0431\u0435\u0437\u043f\u0435\u0447\u0443\u044e\u0442\u044c \u0457\u0445\u043d\u044e \u0431\u0435\u0437\u043f\u0435\u043a\u0443 \u2014 \u0442\u043e\u0431\u0442\u043e \u043a\u043e\u043d\u0444\u0456\u0434\u0435\u043d\u0446\u0456\u0439\u043d\u0456\u0441\u0442\u044c, \u0434\u043e\u0441\u0442\u0443\u043f\u043d\u0456\u0441\u0442\u044c, \u0446\u0456\u043b\u0456\u0441\u043d\u0456\u0441\u0442\u044c \u0442\u0430 \u043c\u043e\u0436\u043b\u0438\u0432\u0456\u0441\u0442\u044c \u0430\u0443\u0434\u0438\u0442\u0443 \u0434\u0456\u0439, \u0449\u043e \u043f\u0440\u043e\u0432\u043e\u0434\u044f\u0442\u044c\u0441\u044f. \u0425\u0442\u043e \u0454 \u0430\u0434\u043c\u0456\u043d\u0456\u0441\u0442\u0440\u0430\u0442\u043e\u0440\u043e\u043c \u0432\u0430\u0448\u0438\u0445 \u043f\u0435\u0440\u0441\u043e\u043d\u0430\u043b\u044c\u043d\u0438\u0445 \u0434\u0430\u043d\u0438\u0445? \u0412\u0456\u0434\u043f\u043e\u0432\u0456\u0434\u043d\u043e [&hellip;]","og_url":"https:\/\/qiwipartner.pl\/pl\/privacy-policy\/","og_site_name":"Qiwipartner","article_modified_time":"2026-04-24T14:54:31+00:00","twitter_card":"summary_large_image","twitter_misc":{"Szacowany czas czytania":"3 minuty"},"schema":{"@context":"https:\/\/schema.org","@graph":[{"@type":"WebPage","@id":"https:\/\/qiwipartner.pl\/privacy-policy\/","url":"https:\/\/qiwipartner.pl\/privacy-policy\/","name":"Polityka prywatno\u015bci - Qiwipartner","isPartOf":{"@id":"https:\/\/qiwipartner.pl\/#website"},"datePublished":"2025-03-10T16:11:04+00:00","dateModified":"2026-04-24T14:54:31+00:00","breadcrumb":{"@id":"https:\/\/qiwipartner.pl\/privacy-policy\/#breadcrumb"},"inLanguage":"pl-PL","potentialAction":[{"@type":"ReadAction","target":["https:\/\/qiwipartner.pl\/privacy-policy\/"]}]},{"@type":"BreadcrumbList","@id":"https:\/\/qiwipartner.pl\/privacy-policy\/#breadcrumb","itemListElement":[{"@type":"ListItem","position":1,"name":"\u0413\u043e\u043b\u043e\u0432\u043d\u0430","item":"https:\/\/qiwipartner.pl\/pl\/"},{"@type":"ListItem","position":2,"name":"\u041f\u043e\u043b\u0456\u0442\u0438\u043a\u0430 \u043a\u043e\u043d\u0444\u0456\u0434\u0435\u043d\u0446\u0456\u0439\u043d\u043e\u0441\u0442\u0456"}]},{"@type":"WebSite","@id":"https:\/\/qiwipartner.pl\/#website","url":"https:\/\/qiwipartner.pl\/","name":"Qiwipartner","description":"","publisher":{"@id":"https:\/\/qiwipartner.pl\/#organization"},"potentialAction":[{"@type":"SearchAction","target":{"@type":"EntryPoint","urlTemplate":"https:\/\/qiwipartner.pl\/?s={search_term_string}"},"query-input":{"@type":"PropertyValueSpecification","valueRequired":true,"valueName":"search_term_string"}}],"inLanguage":"pl-PL"},{"@type":"Organization","@id":"https:\/\/qiwipartner.pl\/#organization","name":"Qiwipartner","url":"https:\/\/qiwipartner.pl\/","logo":{"@type":"ImageObject","inLanguage":"pl-PL","@id":"https:\/\/qiwipartner.pl\/#\/schema\/logo\/image\/","url":"https:\/\/qiwipartner.pl\/wp-content\/uploads\/2025\/03\/qiwi-logo-animated-2.svg","contentUrl":"https:\/\/qiwipartner.pl\/wp-content\/uploads\/2025\/03\/qiwi-logo-animated-2.svg","width":111,"height":56,"caption":"Qiwipartner"},"image":{"@id":"https:\/\/qiwipartner.pl\/#\/schema\/logo\/image\/"}}]}},"_links":{"self":[{"href":"https:\/\/qiwipartner.pl\/pl\/wp-json\/wp\/v2\/pages\/3","targetHints":{"allow":["GET"]}}],"collection":[{"href":"https:\/\/qiwipartner.pl\/pl\/wp-json\/wp\/v2\/pages"}],"about":[{"href":"https:\/\/qiwipartner.pl\/pl\/wp-json\/wp\/v2\/types\/page"}],"author":[{"embeddable":true,"href":"https:\/\/qiwipartner.pl\/pl\/wp-json\/wp\/v2\/users\/1"}],"replies":[{"embeddable":true,"href":"https:\/\/qiwipartner.pl\/pl\/wp-json\/wp\/v2\/comments?post=3"}],"version-history":[{"count":49,"href":"https:\/\/qiwipartner.pl\/pl\/wp-json\/wp\/v2\/pages\/3\/revisions"}],"predecessor-version":[{"id":9667,"href":"https:\/\/qiwipartner.pl\/pl\/wp-json\/wp\/v2\/pages\/3\/revisions\/9667"}],"wp:attachment":[{"href":"https:\/\/qiwipartner.pl\/pl\/wp-json\/wp\/v2\/media?parent=3"}],"curies":[{"name":"wp","href":"https:\/\/api.w.org\/{rel}","templated":true}]}}