{"id":6362,"date":"2025-08-20T07:15:56","date_gmt":"2025-08-20T07:15:56","guid":{"rendered":"https:\/\/qiwipartner.pl\/?page_id=6362"},"modified":"2025-10-21T19:07:48","modified_gmt":"2025-10-21T19:07:48","slug":"podyaka","status":"publish","type":"page","link":"https:\/\/qiwipartner.pl\/pl\/podyaka\/","title":{"rendered":"Podzi\u0119kowania"},"content":{"rendered":"<div data-elementor-type=\"wp-page\" data-elementor-id=\"6362\" class=\"elementor elementor-6362\" data-elementor-post-type=\"page\">\n\t\t\t\t<div class=\"elementor-element elementor-element-e9c6cbb e-flex e-con-boxed e-con e-parent\" data-id=\"e9c6cbb\" data-element_type=\"container\" data-e-type=\"container\">\n\t\t\t\t\t<div class=\"e-con-inner\">\n\t\t\t\t<div class=\"elementor-element elementor-element-e9d1107 elementor-widget elementor-widget-heading\" data-id=\"e9d1107\" data-element_type=\"widget\" data-e-type=\"widget\" data-widget_type=\"heading.default\">\n\t\t\t\t<div class=\"elementor-widget-container\">\n\t\t\t\t\t<div class=\"elementor-heading-title elementor-size-default\">Dzi\u0119kuj\u0119!<\/div>\t\t\t\t<\/div>\n\t\t\t\t<\/div>\n\t\t\t\t<div class=\"elementor-element elementor-element-ed9301f elementor-widget__width-initial elementor-widget-mobile__width-inherit elementor-widget elementor-widget-heading\" data-id=\"ed9301f\" data-element_type=\"widget\" data-e-type=\"widget\" data-widget_type=\"heading.default\">\n\t\t\t\t<div class=\"elementor-widget-container\">\n\t\t\t\t\t<div class=\"elementor-heading-title elementor-size-default\">Przetwarzamy ju\u017c Twoj\u0105 aplikacj\u0119 i wkr\u00f3tce si\u0119 z Tob\u0105 skontaktujemy.\n <\/div>\t\t\t\t<\/div>\n\t\t\t\t<\/div>\n\t\t\t\t<div class=\"elementor-element elementor-element-c9fd999 elementor-widget__width-initial elementor-widget elementor-widget-button\" data-id=\"c9fd999\" data-element_type=\"widget\" data-e-type=\"widget\" data-widget_type=\"button.default\">\n\t\t\t\t<div class=\"elementor-widget-container\">\n\t\t\t\t\t\t\t\t\t<div class=\"elementor-button-wrapper\">\n\t\t\t\t\t<a class=\"elementor-button elementor-button-link elementor-size-sm\" href=\"https:\/\/qiwipartner.pl\/pl\/\">\n\t\t\t\t\t\t<span class=\"elementor-button-content-wrapper\">\n\t\t\t\t\t\t\t\t\t<span class=\"elementor-button-text\">Powr\u00f3t do strony g\u0142\u00f3wnej<\/span>\n\t\t\t\t\t<\/span>\n\t\t\t\t\t<\/a>\n\t\t\t\t<\/div>\n\t\t\t\t\t\t\t\t<\/div>\n\t\t\t\t<\/div>\n\t\t\t\t\t<\/div>\n\t\t\t\t<\/div>\n\t\t\t\t<\/div>","protected":false},"excerpt":{"rendered":"<p>Dzi\u0119kujemy! Przetwarzamy ju\u017c Twoj\u0105 aplikacj\u0119 i wkr\u00f3tce si\u0119 z Tob\u0105 skontaktujemy. Powr\u00f3t do strony g\u0142\u00f3wnej<\/p>","protected":false},"author":2,"featured_media":0,"parent":0,"menu_order":0,"comment_status":"closed","ping_status":"closed","template":"","meta":{"footnotes":""},"class_list":["post-6362","page","type-page","status-publish","hentry"],"yoast_head":"<!-- This site is optimized with the Yoast SEO plugin v27.5 - https:\/\/yoast.com\/product\/yoast-seo-wordpress\/ -->\n<title>\u041f\u043e\u0434\u044f\u043a\u0430 - Qiwipartner<\/title>\n<meta name=\"robots\" content=\"noindex, nofollow\" \/>\n<meta property=\"og:locale\" content=\"pl_PL\" \/>\n<meta property=\"og:type\" content=\"article\" \/>\n<meta property=\"og:title\" content=\"\u041f\u043e\u0434\u044f\u043a\u0430 - Qiwipartner\" \/>\n<meta property=\"og:description\" content=\"\u0414\u044f\u043a\u0443\u0454\u043c\u043e! \u041c\u0438 \u0432\u0436\u0435 \u043e\u0431\u0440\u043e\u0431\u043b\u044f\u0454\u043c\u043e \u0412\u0430\u0448\u0443 \u0437\u0430\u044f\u0432\u043a\u0443 \u0456 \u043d\u0430\u0439\u0431\u043b\u0438\u0436\u0447\u0438\u043c \u0447\u0430\u0441\u043e\u043c \u0437\u0432\u2019\u044f\u0436\u0435\u043c\u043e\u0441\u044c \u0437 \u0432\u0430\u043c\u0438. \u041f\u043e\u0432\u0435\u0440\u043d\u0443\u0442\u0438\u0441\u044c \u043d\u0430 \u0433\u043e\u043b\u043e\u0432\u043d\u0443\" \/>\n<meta property=\"og:url\" content=\"https:\/\/qiwipartner.pl\/pl\/podyaka\/\" \/>\n<meta property=\"og:site_name\" content=\"Qiwipartner\" \/>\n<meta property=\"article:modified_time\" content=\"2025-10-21T19:07:48+00:00\" \/>\n<meta name=\"twitter:card\" content=\"summary_large_image\" \/>\n<meta name=\"twitter:label1\" content=\"Szacowany czas czytania\" \/>\n\t<meta name=\"twitter:data1\" content=\"1 minuta\" \/>\n<script type=\"application\/ld+json\" class=\"yoast-schema-graph\">{\"@context\":\"https:\\\/\\\/schema.org\",\"@graph\":[{\"@type\":\"WebPage\",\"@id\":\"https:\\\/\\\/qiwipartner.pl\\\/podyaka\\\/\",\"url\":\"https:\\\/\\\/qiwipartner.pl\\\/podyaka\\\/\",\"name\":\"\u041f\u043e\u0434\u044f\u043a\u0430 - Qiwipartner\",\"isPartOf\":{\"@id\":\"https:\\\/\\\/qiwipartner.pl\\\/#website\"},\"datePublished\":\"2025-08-20T07:15:56+00:00\",\"dateModified\":\"2025-10-21T19:07:48+00:00\",\"breadcrumb\":{\"@id\":\"https:\\\/\\\/qiwipartner.pl\\\/podyaka\\\/#breadcrumb\"},\"inLanguage\":\"pl-PL\",\"potentialAction\":[{\"@type\":\"ReadAction\",\"target\":[\"https:\\\/\\\/qiwipartner.pl\\\/podyaka\\\/\"]}]},{\"@type\":\"BreadcrumbList\",\"@id\":\"https:\\\/\\\/qiwipartner.pl\\\/podyaka\\\/#breadcrumb\",\"itemListElement\":[{\"@type\":\"ListItem\",\"position\":1,\"name\":\"\u0413\u043e\u043b\u043e\u0432\u043d\u0430\",\"item\":\"https:\\\/\\\/qiwipartner.pl\\\/pl\\\/\"},{\"@type\":\"ListItem\",\"position\":2,\"name\":\"\u041f\u043e\u0434\u044f\u043a\u0430\"}]},{\"@type\":\"WebSite\",\"@id\":\"https:\\\/\\\/qiwipartner.pl\\\/#website\",\"url\":\"https:\\\/\\\/qiwipartner.pl\\\/\",\"name\":\"Qiwipartner\",\"description\":\"\",\"publisher\":{\"@id\":\"https:\\\/\\\/qiwipartner.pl\\\/#organization\"},\"potentialAction\":[{\"@type\":\"SearchAction\",\"target\":{\"@type\":\"EntryPoint\",\"urlTemplate\":\"https:\\\/\\\/qiwipartner.pl\\\/?s={search_term_string}\"},\"query-input\":{\"@type\":\"PropertyValueSpecification\",\"valueRequired\":true,\"valueName\":\"search_term_string\"}}],\"inLanguage\":\"pl-PL\"},{\"@type\":\"Organization\",\"@id\":\"https:\\\/\\\/qiwipartner.pl\\\/#organization\",\"name\":\"Qiwipartner\",\"url\":\"https:\\\/\\\/qiwipartner.pl\\\/\",\"logo\":{\"@type\":\"ImageObject\",\"inLanguage\":\"pl-PL\",\"@id\":\"https:\\\/\\\/qiwipartner.pl\\\/#\\\/schema\\\/logo\\\/image\\\/\",\"url\":\"https:\\\/\\\/qiwipartner.pl\\\/wp-content\\\/uploads\\\/2025\\\/03\\\/qiwi-logo-animated-2.svg\",\"contentUrl\":\"https:\\\/\\\/qiwipartner.pl\\\/wp-content\\\/uploads\\\/2025\\\/03\\\/qiwi-logo-animated-2.svg\",\"width\":111,\"height\":56,\"caption\":\"Qiwipartner\"},\"image\":{\"@id\":\"https:\\\/\\\/qiwipartner.pl\\\/#\\\/schema\\\/logo\\\/image\\\/\"}}]}<\/script>\n<!-- \/ Yoast SEO plugin. -->","yoast_head_json":{"title":"Podzi\u0119kowania - Qiwipartner","robots":{"index":"noindex","follow":"nofollow"},"og_locale":"pl_PL","og_type":"article","og_title":"\u041f\u043e\u0434\u044f\u043a\u0430 - Qiwipartner","og_description":"\u0414\u044f\u043a\u0443\u0454\u043c\u043e! \u041c\u0438 \u0432\u0436\u0435 \u043e\u0431\u0440\u043e\u0431\u043b\u044f\u0454\u043c\u043e \u0412\u0430\u0448\u0443 \u0437\u0430\u044f\u0432\u043a\u0443 \u0456 \u043d\u0430\u0439\u0431\u043b\u0438\u0436\u0447\u0438\u043c \u0447\u0430\u0441\u043e\u043c \u0437\u0432\u2019\u044f\u0436\u0435\u043c\u043e\u0441\u044c \u0437 \u0432\u0430\u043c\u0438. \u041f\u043e\u0432\u0435\u0440\u043d\u0443\u0442\u0438\u0441\u044c \u043d\u0430 \u0433\u043e\u043b\u043e\u0432\u043d\u0443","og_url":"https:\/\/qiwipartner.pl\/pl\/podyaka\/","og_site_name":"Qiwipartner","article_modified_time":"2025-10-21T19:07:48+00:00","twitter_card":"summary_large_image","twitter_misc":{"Szacowany czas czytania":"1 minuta"},"schema":{"@context":"https:\/\/schema.org","@graph":[{"@type":"WebPage","@id":"https:\/\/qiwipartner.pl\/podyaka\/","url":"https:\/\/qiwipartner.pl\/podyaka\/","name":"Podzi\u0119kowania - Qiwipartner","isPartOf":{"@id":"https:\/\/qiwipartner.pl\/#website"},"datePublished":"2025-08-20T07:15:56+00:00","dateModified":"2025-10-21T19:07:48+00:00","breadcrumb":{"@id":"https:\/\/qiwipartner.pl\/podyaka\/#breadcrumb"},"inLanguage":"pl-PL","potentialAction":[{"@type":"ReadAction","target":["https:\/\/qiwipartner.pl\/podyaka\/"]}]},{"@type":"BreadcrumbList","@id":"https:\/\/qiwipartner.pl\/podyaka\/#breadcrumb","itemListElement":[{"@type":"ListItem","position":1,"name":"\u0413\u043e\u043b\u043e\u0432\u043d\u0430","item":"https:\/\/qiwipartner.pl\/pl\/"},{"@type":"ListItem","position":2,"name":"\u041f\u043e\u0434\u044f\u043a\u0430"}]},{"@type":"WebSite","@id":"https:\/\/qiwipartner.pl\/#website","url":"https:\/\/qiwipartner.pl\/","name":"Qiwipartner","description":"","publisher":{"@id":"https:\/\/qiwipartner.pl\/#organization"},"potentialAction":[{"@type":"SearchAction","target":{"@type":"EntryPoint","urlTemplate":"https:\/\/qiwipartner.pl\/?s={search_term_string}"},"query-input":{"@type":"PropertyValueSpecification","valueRequired":true,"valueName":"search_term_string"}}],"inLanguage":"pl-PL"},{"@type":"Organization","@id":"https:\/\/qiwipartner.pl\/#organization","name":"Qiwipartner","url":"https:\/\/qiwipartner.pl\/","logo":{"@type":"ImageObject","inLanguage":"pl-PL","@id":"https:\/\/qiwipartner.pl\/#\/schema\/logo\/image\/","url":"https:\/\/qiwipartner.pl\/wp-content\/uploads\/2025\/03\/qiwi-logo-animated-2.svg","contentUrl":"https:\/\/qiwipartner.pl\/wp-content\/uploads\/2025\/03\/qiwi-logo-animated-2.svg","width":111,"height":56,"caption":"Qiwipartner"},"image":{"@id":"https:\/\/qiwipartner.pl\/#\/schema\/logo\/image\/"}}]}},"_links":{"self":[{"href":"https:\/\/qiwipartner.pl\/pl\/wp-json\/wp\/v2\/pages\/6362","targetHints":{"allow":["GET"]}}],"collection":[{"href":"https:\/\/qiwipartner.pl\/pl\/wp-json\/wp\/v2\/pages"}],"about":[{"href":"https:\/\/qiwipartner.pl\/pl\/wp-json\/wp\/v2\/types\/page"}],"author":[{"embeddable":true,"href":"https:\/\/qiwipartner.pl\/pl\/wp-json\/wp\/v2\/users\/2"}],"replies":[{"embeddable":true,"href":"https:\/\/qiwipartner.pl\/pl\/wp-json\/wp\/v2\/comments?post=6362"}],"version-history":[{"count":19,"href":"https:\/\/qiwipartner.pl\/pl\/wp-json\/wp\/v2\/pages\/6362\/revisions"}],"predecessor-version":[{"id":6382,"href":"https:\/\/qiwipartner.pl\/pl\/wp-json\/wp\/v2\/pages\/6362\/revisions\/6382"}],"wp:attachment":[{"href":"https:\/\/qiwipartner.pl\/pl\/wp-json\/wp\/v2\/media?parent=6362"}],"curies":[{"name":"wp","href":"https:\/\/api.w.org\/{rel}","templated":true}]}}