{"id":8494,"date":"2026-03-03T14:41:29","date_gmt":"2026-03-03T14:41:29","guid":{"rendered":"https:\/\/qiwipartner.pl\/?page_id=8494"},"modified":"2026-03-03T14:50:35","modified_gmt":"2026-03-03T14:50:35","slug":"information-clause","status":"publish","type":"page","link":"https:\/\/qiwipartner.pl\/pl\/information-clause\/","title":{"rendered":"Klauzula informacyjna"},"content":{"rendered":"<div data-elementor-type=\"wp-page\" data-elementor-id=\"8494\" class=\"elementor elementor-8494\" data-elementor-post-type=\"page\">\n\t\t\t\t<div class=\"elementor-element elementor-element-7740146 e-flex e-con-boxed e-con e-parent\" data-id=\"7740146\" data-element_type=\"container\">\n\t\t\t\t\t<div class=\"e-con-inner\">\n\t\t\t\t<div class=\"elementor-element elementor-element-ad13e97 elementor-widget__width-initial elementor-widget elementor-widget-text-editor\" data-id=\"ad13e97\" data-element_type=\"widget\" data-widget_type=\"text-editor.default\">\n\t\t\t\t<div class=\"elementor-widget-container\">\n\t\t\t\t\t\t\t\t\t<h1><strong>KLAUZULA INFORMACYJNA<\/strong><\/h1><p>Zawieraj\u0105c z nami umow\u0119 najmu\/leasingu pojazdu oraz umow\u0119 o \u015bwiadczenie us\u0142ug taks\u00f3wkarza lub dostawy jedzenia (\"Umowa\"), u\u017cytkownik przekazuje nam swoje dane osobowe. W zwi\u0105zku z tym u\u017cytkownik ma prawo do otrzymania informacji o tym, w jakim celu Sp\u00f3\u0142ka b\u0119dzie je wykorzystywa\u0107, na jakiej podstawie prawnej oraz jakie prawa przys\u0142uguj\u0105 mu w tym zakresie.<\/p><h2>\u00a0<\/h2><h2><strong>I. Kto jest Administratorem Twoich danych osobowych?<\/strong><\/h2><p>Zgodnie z art. 13 ust. 1 i ust. 2 Rozporz\u0105dzenia Parlamentu Europejskiego i Rady (UE) 2016\/679 z dnia 27 kwietnia 2016 r. (RODO) informujemy, \u017ce Administratorem Pani\/Pana danych osobowych jest sp\u00f3\u0142ka, z kt\u00f3r\u0105 zawiera Pani\/Pan umow\u0119 - Qiwi Partner Sp\u00f3\u0142ka z ograniczon\u0105 odpowiedzialno\u015bci\u0105 z siedzib\u0105 w: 04-332 Warszawa, Serocka 20, KRS: 950391, REGON: 521209633, NIP: 1133050888 (dalej jako \"Administrator\" lub \"Sp\u00f3\u0142ka\").<\/p><p>Dane kontaktowe: <a href=\"mailto:biuro@qiwipartner.pl\" data-no-translation=\"\" data-no-auto-translation=\"\">biuro@qiwipartner.pl<\/a><\/p><p>Administratorem danych osobowych przetwarzanych za po\u015brednictwem aplikacji mobilnej wybranego Partnera Serwisu (np. Glovo, Uber, Bolt, Wolt itp.) jest dany Partner. U\u017cytkownik otrzyma informacje o przetwarzaniu jego danych przez takiego Partnera bezpo\u015brednio od niego.<\/p><h2>\u00a0<\/h2><h2><strong>II. Czy wyznaczono inspektora ochrony danych?<\/strong><\/h2><p>Administrator wyznaczy\u0142 inspektora ochrony danych, z kt\u00f3rym mo\u017cna si\u0119 skontaktowa\u0107:<\/p><ul><li>poczt\u0105 na adres Sp\u00f3\u0142ki<\/li><li>poczt\u0105 elektroniczn\u0105: <a href=\"mailto:rodo@qiwipartner.pl\" data-no-translation=\"\" data-no-auto-translation=\"\">rodo@qiwipartner.pl<\/a><\/li><li>telefon: 604-782-535<\/li><\/ul><h2>\u00a0<\/h2><h2><strong>III. W jakim celu i na jakiej podstawie prawnej przetwarzamy Twoje dane osobowe?<\/strong><\/h2><p>1) Je\u015bli jeste\u015b Wynajmuj\u0105cym pojazdu:<\/p><p>Dane u\u017cytkownika s\u0105 przetwarzane w okre\u015blonym celu:<\/p><ul><li>wykonania zawartej umowy i rozlicze\u0144 (art. 6 ust. 1 lit. b RODO)<\/li><li>weryfikacja to\u017csamo\u015bci przed zawarciem umowy (uzasadniony interes Sp\u00f3\u0142ki - art. 6 ust. 1 lit. f) RODO)<\/li><li>wype\u0142nianie obowi\u0105zk\u00f3w ksi\u0119gowych i podatkowych (art. 6 ust. 1 lit. c) RODO)<\/li><li>Utrzymywanie kontaktu w zwi\u0105zku z wykonywaniem umowy (art. 6 ust. 1 lit. f) RODO)<\/li><li>ustalenie i obrona ewentualnych roszcze\u0144 (art. 6 ust. 1 lit. f) RODO)<\/li><li>Wysy\u0142anie informacji marketingowych o produktach i us\u0142ugach Sp\u00f3\u0142ki (za zgod\u0105 u\u017cytkownika dotycz\u0105c\u0105 kana\u0142u komunikacji)<\/li><li>wysy\u0142anie informacji marketingowych o produktach i us\u0142ugach sp\u00f3\u0142ek Grupy Eternis (pod warunkiem wyra\u017cenia zgody na kana\u0142 komunikacji)<\/li><\/ul><p>\u00a0<\/p><p>2) Je\u015bli jeste\u015b u\u017cytkownikiem pojazdu:<\/p><p>Cel i podstawa prawna przetwarzania s\u0105 podobne do wymienionych powy\u017cej (wykonanie umowy, weryfikacja to\u017csamo\u015bci, obowi\u0105zki ksi\u0119gowe, kontakt, reklamacje, marketing).<\/p><p>3) Je\u015bli jeste\u015b leasingobiorc\u0105 pojazdu:<\/p><p>Dane s\u0105 przetwarzane w okre\u015blonym celu:<\/p><ul><li>wykonanie umowy<\/li><li>kontrole to\u017csamo\u015bci<\/li><li>Wykonywanie obowi\u0105zk\u00f3w ksi\u0119gowych i podatkowych<\/li><li>utrzymywanie kontaktu<\/li><li>ustalanie i obrona roszcze\u0144<\/li><li>monitorowanie wynajmowanego pojazdu (uzasadnionym interesem Sp\u00f3\u0142ki jest zapewnienie bezpiecze\u0144stwa mienia i zarz\u0105dzanie flot\u0105)<\/li><li>Wysy\u0142anie informacji marketingowych (po uzgodnieniu kana\u0142u komunikacji)<\/li><\/ul><p>\u00a0<\/p><p>4) Je\u015bli jeste\u015b Zleceniobiorc\u0105 (na podstawie umowy zlecenia):<\/p><p>Dane s\u0105 przetwarzane w okre\u015blonym celu:<\/p><ul><li>wykonanie umowy<\/li><li>kontrole to\u017csamo\u015bci<\/li><li>Wykonywanie obowi\u0105zk\u00f3w ksi\u0119gowych i podatkowych<\/li><li>utrzymywanie kontaktu<\/li><li>ustalanie i obrona roszcze\u0144<\/li><li>cele marketingowe (zgodnie z ustaleniami dotycz\u0105cymi kana\u0142u komunikacji)<\/li><\/ul><p>\u00a0<\/p><p>5) Je\u015bli reprezentujesz podmiot prawny lub jeste\u015b osob\u0105 kontaktow\u0105:<\/p><p>Dane u\u017cytkownika s\u0105 przetwarzane w okre\u015blonym celu:<\/p><ul><li>Zawarcie i wykonanie umowy<\/li><li>okre\u015blenie os\u00f3b uprawnionych do reprezentowania strony umowy<\/li><li>Wykonywanie obowi\u0105zk\u00f3w ksi\u0119gowych i podatkowych<\/li><li>ustalanie i obrona ewentualnych roszcze\u0144<\/li><li>Prowadzenie bie\u017c\u0105cej komunikacji i korespondencji<\/li><\/ul><h2>\u00a0<\/h2><h2><strong>IV. Jak d\u0142ugo przetwarzamy Twoje dane?<\/strong><\/h2><p>Dane osobowe u\u017cytkownika s\u0105 przetwarzane:<\/p><ul><li>w okresie obowi\u0105zywania umowy<\/li><li>po jego zako\u0144czeniu - w terminie przewidzianym przepisami prawa (podatkowego, rachunkowego)<\/li><li>w przypadku przetwarzania opartego na uzasadnionym interesie - do czasu jego realizacji lub wniesienia sprzeciwu przez u\u017cytkownika<\/li><li>w przypadku przetwarzania na podstawie zgody - do czasu jej wycofania<\/li><\/ul><p>\u00a0<\/p><p>Okres ten mo\u017ce zosta\u0107 przed\u0142u\u017cony, je\u015bli jest to konieczne w celu obrony lub dochodzenia roszcze\u0144.<\/p><h2>\u00a0<\/h2><h2><strong>V. Komu udost\u0119pniamy dane u\u017cytkownik\u00f3w?<\/strong><\/h2><p>Dane u\u017cytkownika mog\u0105 zosta\u0107 przekazane:<\/p><ul><li>upowa\u017cnione organy pa\u0144stwowe<\/li><li>Sp\u00f3\u0142ki z Grupy Eternis (w zakresie us\u0142ug \u015bwiadczonych na rzecz Administratora)<\/li><li>kontrahentom \u015bwiadcz\u0105cym us\u0142ugi na rzecz Administratora (w szczeg\u00f3lno\u015bci us\u0142ugi IT)<\/li><\/ul><h2>\u00a0<\/h2><h2><strong>VI. Czy podanie danych jest obowi\u0105zkowe?<\/strong><\/h2><p>Podanie danych osobowych jest dobrowolne, ale niezb\u0119dne do zawarcia umowy.<\/p><h2>\u00a0<\/h2><h2><strong>VII. Sk\u0105d pochodz\u0105 dane?<\/strong><\/h2><p>Dane s\u0105 uzyskiwane bezpo\u015brednio od u\u017cytkownika lub, w przypadku os\u00f3b prawnych, od firmy, kt\u00f3r\u0105 u\u017cytkownik reprezentuje.<\/p><h2>\u00a0<\/h2><h2><strong>VIII. Jakie masz prawa?<\/strong><\/h2><p>Masz do tego prawo:<\/p><ul><li>uzyska\u0107 dost\u0119p do swoich danych i otrzyma\u0107 ich kopi\u0119<\/li><li>w celu poprawienia niedok\u0142adnych lub uzupe\u0142nienia niekompletnych danych<\/li><li>do usuni\u0119cia danych (w przypadkach przewidzianych przez prawo)<\/li><li>dla ogranicze\u0144 przetwarzania<\/li><li>wniesienia sprzeciwu wobec przetwarzania danych (je\u015bli odbywa si\u0119 ono na podstawie prawnie uzasadnionego interesu)<\/li><li>do przesy\u0142ania danych<\/li><li>wniesienia skargi do organu nadzorczego (Prezesa Urz\u0119du Ochrony Danych Osobowych w Warszawie)<\/li><\/ul><p>\u00a0<\/p><p>W przypadku jakichkolwiek pyta\u0144 dotycz\u0105cych korzystania z przys\u0142uguj\u0105cych praw, prosimy o kontakt: <a href=\"mailto:rodo@qiwipartner.pl\" data-no-translation=\"\" data-no-auto-translation=\"\">rodo@qiwipartner.pl<\/a> lub poczt\u0105 na adres Sp\u00f3\u0142ki.<\/p><p>Nale\u017cy pami\u0119ta\u0107, \u017ce prawa te nie s\u0105 bezwzgl\u0119dne i podlegaj\u0105 obowi\u0105zuj\u0105cym przepisom prawa.<\/p>\t\t\t\t\t\t\t\t<\/div>\n\t\t\t\t<\/div>\n\t\t\t\t\t<\/div>\n\t\t\t\t<\/div>\n\t\t\t\t<\/div>","protected":false},"excerpt":{"rendered":"<p>KLAUZULA INFORMACYJNA Zawieraj\u0105c z nami umow\u0119 najmu\/dzier\u017cawy pojazdu oraz umow\u0119 o \u015bwiadczenie us\u0142ug taks\u00f3wkarza lub dostawy jedzenia (\"Umowa\"), przekazujesz nam swoje dane osobowe. W zwi\u0105zku z tym u\u017cytkownik ma prawo do otrzymania informacji o tym, w jakim celu Sp\u00f3\u0142ka b\u0119dzie je wykorzystywa\u0107, na jakiej podstawie prawnej i jakie prawa mu przys\u0142uguj\u0105 [...].<\/p>","protected":false},"author":4,"featured_media":0,"parent":0,"menu_order":0,"comment_status":"closed","ping_status":"closed","template":"","meta":{"footnotes":""},"class_list":["post-8494","page","type-page","status-publish","hentry"],"yoast_head":"<!-- This site is optimized with the Yoast SEO plugin v25.7 - https:\/\/yoast.com\/wordpress\/plugins\/seo\/ -->\n<title>Information Clause - Qiwipartner<\/title>\n<meta name=\"robots\" content=\"index, follow, max-snippet:-1, max-image-preview:large, max-video-preview:-1\" \/>\n<link rel=\"canonical\" href=\"https:\/\/qiwipartner.pl\/pl\/information-clause\/\" \/>\n<meta property=\"og:locale\" content=\"pl_PL\" \/>\n<meta property=\"og:type\" content=\"article\" \/>\n<meta property=\"og:title\" content=\"Information Clause - Qiwipartner\" \/>\n<meta property=\"og:description\" content=\"\u0406\u041d\u0424\u041e\u0420\u041c\u0410\u0426\u0406\u0419\u041d\u0410 \u041a\u041b\u0410\u0423\u0417\u0423\u041b\u0410 \u0423\u043a\u043b\u0430\u0434\u0430\u044e\u0447\u0438 \u0437 \u043d\u0430\u043c\u0438 \u0434\u043e\u0433\u043e\u0432\u0456\u0440 \u043e\u0440\u0435\u043d\u0434\u0438\/\u043d\u0430\u0439\u043c\u0443 \u0442\u0440\u0430\u043d\u0441\u043f\u043e\u0440\u0442\u043d\u043e\u0433\u043e \u0437\u0430\u0441\u043e\u0431\u0443 \u0442\u0430 \u0434\u043e\u0433\u043e\u0432\u0456\u0440 \u0434\u043e\u0440\u0443\u0447\u0435\u043d\u043d\u044f \u043d\u0430 \u043d\u0430\u0434\u0430\u043d\u043d\u044f \u043f\u043e\u0441\u043b\u0443\u0433 \u0432\u043e\u0434\u0456\u044f \u0442\u0430\u043a\u0441\u0456 \u0430\u0431\u043e \u043a\u0443\u0440\u2019\u0454\u0440\u0430 \u0437 \u0434\u043e\u0441\u0442\u0430\u0432\u043a\u0438 \u0457\u0436\u0456 (\u00ab\u0414\u043e\u0433\u043e\u0432\u0456\u0440\u00bb), \u0432\u0438 \u043f\u0435\u0440\u0435\u0434\u0430\u0454\u0442\u0435 \u043d\u0430\u043c \u0441\u0432\u043e\u0457 \u043f\u0435\u0440\u0441\u043e\u043d\u0430\u043b\u044c\u043d\u0456 \u0434\u0430\u043d\u0456. \u0423 \u0437\u0432\u2019\u044f\u0437\u043a\u0443 \u0437 \u0446\u0438\u043c \u0432\u0438 \u043c\u0430\u0454\u0442\u0435 \u043f\u0440\u0430\u0432\u043e \u043e\u0442\u0440\u0438\u043c\u0430\u0442\u0438 \u0456\u043d\u0444\u043e\u0440\u043c\u0430\u0446\u0456\u044e \u043f\u0440\u043e \u0442\u0435, \u0437 \u044f\u043a\u043e\u044e \u043c\u0435\u0442\u043e\u044e \u041a\u043e\u043c\u043f\u0430\u043d\u0456\u044f \u0431\u0443\u0434\u0435 \u0457\u0445 \u0432\u0438\u043a\u043e\u0440\u0438\u0441\u0442\u043e\u0432\u0443\u0432\u0430\u0442\u0438, \u043d\u0430 \u044f\u043a\u0456\u0439 \u043f\u0440\u0430\u0432\u043e\u0432\u0456\u0439 \u043f\u0456\u0434\u0441\u0442\u0430\u0432\u0456 \u0442\u0430 \u044f\u043a\u0456 \u043f\u0440\u0430\u0432\u0430 \u0432\u0430\u043c [&hellip;]\" \/>\n<meta property=\"og:url\" content=\"https:\/\/qiwipartner.pl\/pl\/information-clause\/\" \/>\n<meta property=\"og:site_name\" content=\"Qiwipartner\" \/>\n<meta property=\"article:modified_time\" content=\"2026-03-03T14:50:35+00:00\" \/>\n<meta name=\"twitter:card\" content=\"summary_large_image\" \/>\n<meta name=\"twitter:label1\" content=\"Szacowany czas czytania\" \/>\n\t<meta name=\"twitter:data1\" content=\"4 minuty\" \/>\n<script type=\"application\/ld+json\" class=\"yoast-schema-graph\">{\"@context\":\"https:\/\/schema.org\",\"@graph\":[{\"@type\":\"WebPage\",\"@id\":\"https:\/\/qiwipartner.pl\/pl\/information-clause\/\",\"url\":\"https:\/\/qiwipartner.pl\/pl\/information-clause\/\",\"name\":\"Information Clause - Qiwipartner\",\"isPartOf\":{\"@id\":\"https:\/\/qiwipartner.pl\/#website\"},\"datePublished\":\"2026-03-03T14:41:29+00:00\",\"dateModified\":\"2026-03-03T14:50:35+00:00\",\"breadcrumb\":{\"@id\":\"https:\/\/qiwipartner.pl\/pl\/information-clause\/#breadcrumb\"},\"inLanguage\":\"pl-PL\",\"potentialAction\":[{\"@type\":\"ReadAction\",\"target\":[\"https:\/\/qiwipartner.pl\/pl\/information-clause\/\"]}]},{\"@type\":\"BreadcrumbList\",\"@id\":\"https:\/\/qiwipartner.pl\/pl\/information-clause\/#breadcrumb\",\"itemListElement\":[{\"@type\":\"ListItem\",\"position\":1,\"name\":\"Home\",\"item\":\"https:\/\/qiwipartner.pl\/\"},{\"@type\":\"ListItem\",\"position\":2,\"name\":\"Information Clause\"}]},{\"@type\":\"WebSite\",\"@id\":\"https:\/\/qiwipartner.pl\/#website\",\"url\":\"https:\/\/qiwipartner.pl\/\",\"name\":\"Qiwipartner\",\"description\":\"\",\"publisher\":{\"@id\":\"https:\/\/qiwipartner.pl\/#organization\"},\"potentialAction\":[{\"@type\":\"SearchAction\",\"target\":{\"@type\":\"EntryPoint\",\"urlTemplate\":\"https:\/\/qiwipartner.pl\/?s={search_term_string}\"},\"query-input\":{\"@type\":\"PropertyValueSpecification\",\"valueRequired\":true,\"valueName\":\"search_term_string\"}}],\"inLanguage\":\"pl-PL\"},{\"@type\":\"Organization\",\"@id\":\"https:\/\/qiwipartner.pl\/#organization\",\"name\":\"Qiwipartner\",\"url\":\"https:\/\/qiwipartner.pl\/\",\"logo\":{\"@type\":\"ImageObject\",\"inLanguage\":\"pl-PL\",\"@id\":\"https:\/\/qiwipartner.pl\/#\/schema\/logo\/image\/\",\"url\":\"https:\/\/qiwipartner.pl\/wp-content\/uploads\/2025\/03\/qiwi-logo-animated-2.svg\",\"contentUrl\":\"https:\/\/qiwipartner.pl\/wp-content\/uploads\/2025\/03\/qiwi-logo-animated-2.svg\",\"width\":111,\"height\":56,\"caption\":\"Qiwipartner\"},\"image\":{\"@id\":\"https:\/\/qiwipartner.pl\/#\/schema\/logo\/image\/\"}}]}<\/script>\n<!-- \/ Yoast SEO plugin. -->","yoast_head_json":{"title":"Klauzula informacyjna - Qiwipartner","robots":{"index":"index","follow":"follow","max-snippet":"max-snippet:-1","max-image-preview":"max-image-preview:large","max-video-preview":"max-video-preview:-1"},"canonical":"https:\/\/qiwipartner.pl\/pl\/information-clause\/","og_locale":"pl_PL","og_type":"article","og_title":"Information Clause - Qiwipartner","og_description":"\u0406\u041d\u0424\u041e\u0420\u041c\u0410\u0426\u0406\u0419\u041d\u0410 \u041a\u041b\u0410\u0423\u0417\u0423\u041b\u0410 \u0423\u043a\u043b\u0430\u0434\u0430\u044e\u0447\u0438 \u0437 \u043d\u0430\u043c\u0438 \u0434\u043e\u0433\u043e\u0432\u0456\u0440 \u043e\u0440\u0435\u043d\u0434\u0438\/\u043d\u0430\u0439\u043c\u0443 \u0442\u0440\u0430\u043d\u0441\u043f\u043e\u0440\u0442\u043d\u043e\u0433\u043e \u0437\u0430\u0441\u043e\u0431\u0443 \u0442\u0430 \u0434\u043e\u0433\u043e\u0432\u0456\u0440 \u0434\u043e\u0440\u0443\u0447\u0435\u043d\u043d\u044f \u043d\u0430 \u043d\u0430\u0434\u0430\u043d\u043d\u044f \u043f\u043e\u0441\u043b\u0443\u0433 \u0432\u043e\u0434\u0456\u044f \u0442\u0430\u043a\u0441\u0456 \u0430\u0431\u043e \u043a\u0443\u0440\u2019\u0454\u0440\u0430 \u0437 \u0434\u043e\u0441\u0442\u0430\u0432\u043a\u0438 \u0457\u0436\u0456 (\u00ab\u0414\u043e\u0433\u043e\u0432\u0456\u0440\u00bb), \u0432\u0438 \u043f\u0435\u0440\u0435\u0434\u0430\u0454\u0442\u0435 \u043d\u0430\u043c \u0441\u0432\u043e\u0457 \u043f\u0435\u0440\u0441\u043e\u043d\u0430\u043b\u044c\u043d\u0456 \u0434\u0430\u043d\u0456. \u0423 \u0437\u0432\u2019\u044f\u0437\u043a\u0443 \u0437 \u0446\u0438\u043c \u0432\u0438 \u043c\u0430\u0454\u0442\u0435 \u043f\u0440\u0430\u0432\u043e \u043e\u0442\u0440\u0438\u043c\u0430\u0442\u0438 \u0456\u043d\u0444\u043e\u0440\u043c\u0430\u0446\u0456\u044e \u043f\u0440\u043e \u0442\u0435, \u0437 \u044f\u043a\u043e\u044e \u043c\u0435\u0442\u043e\u044e \u041a\u043e\u043c\u043f\u0430\u043d\u0456\u044f \u0431\u0443\u0434\u0435 \u0457\u0445 \u0432\u0438\u043a\u043e\u0440\u0438\u0441\u0442\u043e\u0432\u0443\u0432\u0430\u0442\u0438, \u043d\u0430 \u044f\u043a\u0456\u0439 \u043f\u0440\u0430\u0432\u043e\u0432\u0456\u0439 \u043f\u0456\u0434\u0441\u0442\u0430\u0432\u0456 \u0442\u0430 \u044f\u043a\u0456 \u043f\u0440\u0430\u0432\u0430 \u0432\u0430\u043c [&hellip;]","og_url":"https:\/\/qiwipartner.pl\/pl\/information-clause\/","og_site_name":"Qiwipartner","article_modified_time":"2026-03-03T14:50:35+00:00","twitter_card":"summary_large_image","twitter_misc":{"Szacowany czas czytania":"4 minuty"},"schema":{"@context":"https:\/\/schema.org","@graph":[{"@type":"WebPage","@id":"https:\/\/qiwipartner.pl\/pl\/information-clause\/","url":"https:\/\/qiwipartner.pl\/pl\/information-clause\/","name":"Klauzula informacyjna - Qiwipartner","isPartOf":{"@id":"https:\/\/qiwipartner.pl\/#website"},"datePublished":"2026-03-03T14:41:29+00:00","dateModified":"2026-03-03T14:50:35+00:00","breadcrumb":{"@id":"https:\/\/qiwipartner.pl\/pl\/information-clause\/#breadcrumb"},"inLanguage":"pl-PL","potentialAction":[{"@type":"ReadAction","target":["https:\/\/qiwipartner.pl\/pl\/information-clause\/"]}]},{"@type":"BreadcrumbList","@id":"https:\/\/qiwipartner.pl\/pl\/information-clause\/#breadcrumb","itemListElement":[{"@type":"ListItem","position":1,"name":"Home","item":"https:\/\/qiwipartner.pl\/"},{"@type":"ListItem","position":2,"name":"Information Clause"}]},{"@type":"WebSite","@id":"https:\/\/qiwipartner.pl\/#website","url":"https:\/\/qiwipartner.pl\/","name":"Qiwipartner","description":"","publisher":{"@id":"https:\/\/qiwipartner.pl\/#organization"},"potentialAction":[{"@type":"SearchAction","target":{"@type":"EntryPoint","urlTemplate":"https:\/\/qiwipartner.pl\/?s={search_term_string}"},"query-input":{"@type":"PropertyValueSpecification","valueRequired":true,"valueName":"search_term_string"}}],"inLanguage":"pl-PL"},{"@type":"Organization","@id":"https:\/\/qiwipartner.pl\/#organization","name":"Qiwipartner","url":"https:\/\/qiwipartner.pl\/","logo":{"@type":"ImageObject","inLanguage":"pl-PL","@id":"https:\/\/qiwipartner.pl\/#\/schema\/logo\/image\/","url":"https:\/\/qiwipartner.pl\/wp-content\/uploads\/2025\/03\/qiwi-logo-animated-2.svg","contentUrl":"https:\/\/qiwipartner.pl\/wp-content\/uploads\/2025\/03\/qiwi-logo-animated-2.svg","width":111,"height":56,"caption":"Qiwipartner"},"image":{"@id":"https:\/\/qiwipartner.pl\/#\/schema\/logo\/image\/"}}]}},"_links":{"self":[{"href":"https:\/\/qiwipartner.pl\/pl\/wp-json\/wp\/v2\/pages\/8494","targetHints":{"allow":["GET"]}}],"collection":[{"href":"https:\/\/qiwipartner.pl\/pl\/wp-json\/wp\/v2\/pages"}],"about":[{"href":"https:\/\/qiwipartner.pl\/pl\/wp-json\/wp\/v2\/types\/page"}],"author":[{"embeddable":true,"href":"https:\/\/qiwipartner.pl\/pl\/wp-json\/wp\/v2\/users\/4"}],"replies":[{"embeddable":true,"href":"https:\/\/qiwipartner.pl\/pl\/wp-json\/wp\/v2\/comments?post=8494"}],"version-history":[{"count":4,"href":"https:\/\/qiwipartner.pl\/pl\/wp-json\/wp\/v2\/pages\/8494\/revisions"}],"predecessor-version":[{"id":8499,"href":"https:\/\/qiwipartner.pl\/pl\/wp-json\/wp\/v2\/pages\/8494\/revisions\/8499"}],"wp:attachment":[{"href":"https:\/\/qiwipartner.pl\/pl\/wp-json\/wp\/v2\/media?parent=8494"}],"curies":[{"name":"wp","href":"https:\/\/api.w.org\/{rel}","templated":true}]}}