{"id":3,"date":"2025-03-10T16:11:04","date_gmt":"2025-03-10T16:11:04","guid":{"rendered":"https:\/\/qiwipartner.pl\/?page_id=3"},"modified":"2026-04-24T14:54:31","modified_gmt":"2026-04-24T14:54:31","slug":"privacy-policy","status":"publish","type":"page","link":"https:\/\/qiwipartner.pl\/tr\/privacy-policy\/","title":{"rendered":"Gizlilik Politikas\u0131"},"content":{"rendered":"<div data-elementor-type=\"wp-page\" data-elementor-id=\"3\" class=\"elementor elementor-3\" data-elementor-post-type=\"page\">\n\t\t\t\t<div class=\"elementor-element elementor-element-9a8e4bf e-flex e-con-boxed e-con e-parent\" data-id=\"9a8e4bf\" data-element_type=\"container\" data-e-type=\"container\">\n\t\t\t\t\t<div class=\"e-con-inner\">\n\t\t\t\t<div class=\"elementor-element elementor-element-c872f30 elementor-align-left elementor-widget elementor-widget-breadcrumbs\" data-id=\"c872f30\" data-element_type=\"widget\" data-e-type=\"widget\" data-widget_type=\"breadcrumbs.default\">\n\t\t\t\t<div class=\"elementor-widget-container\">\n\t\t\t\t\t<div id=\"breadcrumbs\"><span><span><a href=\"https:\/\/qiwipartner.pl\/pl\/\">Ev<\/a><\/span><\/span><\/div>\t\t\t\t<\/div>\n\t\t\t\t<\/div>\n\t\t\t\t<div class=\"elementor-element elementor-element-6fd12ae elementor-widget__width-initial elementor-widget elementor-widget-text-editor\" data-id=\"6fd12ae\" data-element_type=\"widget\" data-e-type=\"widget\" data-widget_type=\"text-editor.default\">\n\t\t\t\t<div class=\"elementor-widget-container\">\n\t\t\t\t\t\t\t\t\t<h1 style=\"word-wrap: break-word;\">GI\u0307ZLI\u0307LI\u0307K VE \u00c7EREZ POLI\u0307TI\u0307KASI<\/h1><p>Web sitemizi ziyaret eden ki\u015filerin gizlilik hakk\u0131na sayg\u0131 g\u00f6stererek, bu \u015fekilde elde edilen verilerin ulusal ve Avrupa mevzuat\u0131na uygun olarak ve ayr\u0131ca g\u00fcvenliklerini sa\u011flayan ko\u015fullarda - yani gizlilik, kullan\u0131labilirlik, b\u00fct\u00fcnl\u00fck ve ger\u00e7ekle\u015ftirilen eylemleri denetleme imkan\u0131 - i\u015flendi\u011fini beyan ederiz.<\/p><h3>Ki\u015fisel verilerinizin y\u00f6neticisi kimdir?<\/h3><p>Avrupa Parlamentosu ve Konseyi'nin 27 Nisan 2016 tarihli (AB) 2016\/679 say\u0131l\u0131 T\u00fcz\u00fc\u011f\u00fcn\u00fcn (RODO\/GDPR) 13(1) ve (2) Maddeleri uyar\u0131nca, ki\u015fisel verilerinizin Y\u00f6neticisinin s\u00f6zle\u015fme yapt\u0131\u011f\u0131n\u0131z \u015firket oldu\u011funu bildiririz - Qiwi Partner Sp. z o.o., merkezi Var\u015fova (04-332), Serocka 20, KRS: 950391, REGON: 521209633, NIP: 1133050888 (bundan b\u00f6yle \"Y\u00f6netici\" veya \"\u015eirket\" olarak an\u0131lacakt\u0131r).<br \/>\u0130leti\u015fim bilgileri: <a href=\"mailto:biuro@qiwipartner.pl\" data-no-translation=\"\" data-no-auto-translation=\"\">biuro@qiwipartner.pl<\/a><\/p><h3>Y\u00f6netici bir Veri Koruma G\u00f6revlisi atad\u0131 m\u0131?<\/h3><p>Ki\u015fisel verilerin i\u015flenmesi ve ilgili haklara ili\u015fkin sorular\u0131n\u0131z i\u00e7in a\u015fa\u011f\u0131daki adresten \u015eirket taraf\u0131ndan atanan Veri Koruma G\u00f6revlisi ile ileti\u015fime ge\u00e7ebilirsiniz: <a href=\"mailto:rodo@qiwipartner.pl\" data-no-translation=\"\" data-no-auto-translation=\"\">rodo@qiwipartner.pl<\/a> veya yukar\u0131da belirtilen genel merkez adresine yaz\u0131l\u0131 olarak iletebilirsiniz.<\/p><h3>Hangi ki\u015fisel verileri i\u015fliyoruz?<\/h3><p>Bu t\u00fcr verileri i\u015fliyoruz:<\/p><ul><li>ileti\u015fim formundaki veriler: isim ve telefon numaras\u0131;<\/li><li>\u00e7erezler arac\u0131l\u0131\u011f\u0131yla elde edilen veriler: IP adresi, web sitesi kullan\u0131m verileri, ziyaret zaman\u0131, konum, i\u015fletim sistemi, cihaz\u0131n dil s\u00fcr\u00fcm\u00fc.<\/li><\/ul><p>Bu veriler form arac\u0131l\u0131\u011f\u0131yla sa\u011flanan bilgilerle birle\u015ftirilebilir.<\/p><h3>\u0130\u015flemenin ama\u00e7lar\u0131 ve yasal dayana\u011f\u0131:<\/h3><ol><li>Web sitesinin \u00e7al\u0131\u015fmas\u0131n\u0131 ve i\u015flevselli\u011fini sa\u011flamak - GDPR Madde 6(1)(f).<\/li><li>\"S\u00fcr\u00fcc\u00fc veya kurye ol\" formu arac\u0131l\u0131\u011f\u0131yla ileti\u015fim kurma - GDPR Madde 6(1)(b).<\/li><li>Pazarlama postalar\u0131 - GDPR Madde 6(1)(f), ayr\u0131 onaya tabidir.<\/li><li>Yasal taleplerin korunmas\u0131 - GDPR Madde 6(1)(f).<\/li><li>Kanun kapsam\u0131ndaki y\u00fck\u00fcml\u00fcl\u00fcklerin yerine getirilmesi - GDPR Madde 6(1)(c).<\/li><\/ol><h3>Verilerinizi kime g\u00f6nderebiliriz?<\/h3><ul><li>kanunla yetkilendirilmi\u015f devlet makamlar\u0131;<\/li><li>S\u00f6zle\u015fmeler temelinde \u015firkete hizmet sa\u011flayan y\u00fckleniciler.<\/li><\/ul><h3>Veri saklama s\u00fcresi:<\/h3><p>Veriler en fazla \u015fu s\u00fcreyle saklan\u0131r:<\/p><ul><li>i\u015fleme temelinin veya amac\u0131n\u0131n sona ermesi,<\/li><li>R\u0131zan\u0131n geri \u00e7ekilmesi,<\/li><li>s\u00f6zle\u015fmenin sona ermesi ve zorunlu saklama s\u00fcreleri,<\/li><li>Olas\u0131 yasal i\u015flemlerin tamamlanmas\u0131.<\/li><\/ul><h3>Otomatik \u00e7\u00f6z\u00fcmler:<\/h3><p>Otomatik kararlar almay\u0131z veya profiller kullanmay\u0131z.<\/p><h3>Pliki kurabiyeleri (kurabiyeler):<\/h3><p>Taray\u0131c\u0131n\u0131z\u0131 veya cihaz\u0131n\u0131z\u0131 tan\u0131mlayan \u00e7erezler kullan\u0131yoruz. Bunlar cihaz\u0131n ayarlar\u0131n\u0131 de\u011fi\u015ftirmez ve ki\u015fisel verilerle ili\u015fkilendirilmez.<\/p><h3>\u00c7erez saklama s\u00fcresi:<\/h3><ul><li>Ticari-kurabiye - 1 y\u0131l<\/li><li>CookiesBanner - 1 y\u0131l<\/li><li>Functional-cookies - 1 y\u0131l<\/li><li>Efficiency-cookies - 1 y\u0131l<\/li><\/ul><h3>Sizin haklar\u0131n\u0131z:<\/h3><ul><li>Verilere eri\u015fim;<\/li><li>Veri silme;<\/li><li>\u0130\u015flem s\u0131n\u0131rlamalar\u0131;<\/li><li>Veri aktar\u0131m\u0131;<\/li><li>\u0130\u015fleme itirazlar\u0131;<\/li><li>Denetim makam\u0131na \u015fikayet.<\/li><\/ul><p>Haklar\u0131 kullanmak i\u00e7in: <a href=\"mailto:rodo@qiwipartner.pl\" data-no-translation=\"\" data-no-auto-translation=\"\">rodo@qiwipartner.pl<\/a><\/p><h3>G\u00f6n\u00fcll\u00fc veri sa\u011flama:<\/h3><p>Verilerin sa\u011flanmas\u0131 iste\u011fe ba\u011fl\u0131d\u0131r, ancak ileti\u015fim, ba\u015fvuru i\u015fleme veya i\u015fbirli\u011finin ba\u015flat\u0131lmas\u0131 i\u00e7in gereklidir.<\/p><h3>Gizlilik Politikas\u0131ndaki De\u011fi\u015fiklikler:<\/h3><p>Bu belgede de\u011fi\u015fiklik yapabiliriz ve g\u00fcncellemeler web sitesinde yay\u0131nlanacakt\u0131r.<\/p><p>Son g\u00fcncelleme tarihi: 05.01.2026.<\/p>\t\t\t\t\t\t\t\t<\/div>\n\t\t\t\t<\/div>\n\t\t\t\t\t<\/div>\n\t\t\t\t<\/div>\n\t\t\t\t<\/div>","protected":false},"excerpt":{"rendered":"<p>\u041f\u041e\u041b\u0406\u0422\u0418\u041a\u0410 \u041a\u041e\u041d\u0424\u0406\u0414\u0415\u041d\u0426\u0406\u0419\u041d\u041e\u0421\u0422\u0406 \u0422\u0410 \u0424\u0410\u0419\u041b\u0406\u0412 COOKIE \u041f\u043e\u0432\u0430\u0436\u0430\u044e\u0447\u0438 \u043f\u0440\u0430\u0432\u043e \u043d\u0430 \u043f\u0440\u0438\u0432\u0430\u0442\u043d\u0456\u0441\u0442\u044c \u043e\u0441\u0456\u0431, \u044f\u043a\u0456 \u0432\u0456\u0434\u0432\u0456\u0434\u0443\u044e\u0442\u044c \u043d\u0430\u0448 \u0441\u0430\u0439\u0442, \u043c\u0438 \u0437\u0430\u044f\u0432\u043b\u044f\u0454\u043c\u043e, \u0449\u043e \u043e\u0442\u0440\u0438\u043c\u0430\u043d\u0456 \u0442\u0430\u043a\u0438\u043c \u0447\u0438\u043d\u043e\u043c \u0434\u0430\u043d\u0456 \u043e\u0431\u0440\u043e\u0431\u043b\u044f\u044e\u0442\u044c\u0441\u044f \u0432\u0456\u0434\u043f\u043e\u0432\u0456\u0434\u043d\u043e \u0434\u043e \u043d\u0430\u0446\u0456\u043e\u043d\u0430\u043b\u044c\u043d\u0438\u0445 \u0442\u0430 \u0454\u0432\u0440\u043e\u043f\u0435\u0439\u0441\u044c\u043a\u0438\u0445 \u043d\u043e\u0440\u043c \u0437\u0430\u043a\u043e\u043d\u043e\u0434\u0430\u0432\u0441\u0442\u0432\u0430, \u0430 \u0442\u0430\u043a\u043e\u0436 \u0432 \u0443\u043c\u043e\u0432\u0430\u0445, \u0449\u043e \u0437\u0430\u0431\u0435\u0437\u043f\u0435\u0447\u0443\u044e\u0442\u044c \u0457\u0445\u043d\u044e \u0431\u0435\u0437\u043f\u0435\u043a\u0443 \u2014 \u0442\u043e\u0431\u0442\u043e \u043a\u043e\u043d\u0444\u0456\u0434\u0435\u043d\u0446\u0456\u0439\u043d\u0456\u0441\u0442\u044c, \u0434\u043e\u0441\u0442\u0443\u043f\u043d\u0456\u0441\u0442\u044c, \u0446\u0456\u043b\u0456\u0441\u043d\u0456\u0441\u0442\u044c \u0442\u0430 \u043c\u043e\u0436\u043b\u0438\u0432\u0456\u0441\u0442\u044c \u0430\u0443\u0434\u0438\u0442\u0443 \u0434\u0456\u0439, \u0449\u043e \u043f\u0440\u043e\u0432\u043e\u0434\u044f\u0442\u044c\u0441\u044f. \u0425\u0442\u043e \u0454 \u0430\u0434\u043c\u0456\u043d\u0456\u0441\u0442\u0440\u0430\u0442\u043e\u0440\u043e\u043c \u0432\u0430\u0448\u0438\u0445 \u043f\u0435\u0440\u0441\u043e\u043d\u0430\u043b\u044c\u043d\u0438\u0445 \u0434\u0430\u043d\u0438\u0445? \u0412\u0456\u0434\u043f\u043e\u0432\u0456\u0434\u043d\u043e [&hellip;]<\/p>","protected":false},"author":1,"featured_media":0,"parent":0,"menu_order":0,"comment_status":"closed","ping_status":"open","template":"","meta":{"footnotes":""},"class_list":["post-3","page","type-page","status-publish","hentry"],"yoast_head":"<!-- This site is optimized with the Yoast SEO plugin v27.5 - https:\/\/yoast.com\/product\/yoast-seo-wordpress\/ -->\n<title>\u041f\u043e\u043b\u0456\u0442\u0438\u043a\u0430 \u043a\u043e\u043d\u0444\u0456\u0434\u0435\u043d\u0446\u0456\u0439\u043d\u043e\u0441\u0442\u0456 - Qiwipartner<\/title>\n<meta name=\"robots\" content=\"noindex, nofollow\" \/>\n<meta property=\"og:locale\" content=\"tr_TR\" \/>\n<meta property=\"og:type\" content=\"article\" \/>\n<meta property=\"og:title\" content=\"\u041f\u043e\u043b\u0456\u0442\u0438\u043a\u0430 \u043a\u043e\u043d\u0444\u0456\u0434\u0435\u043d\u0446\u0456\u0439\u043d\u043e\u0441\u0442\u0456 - Qiwipartner\" \/>\n<meta property=\"og:description\" content=\"\u041f\u041e\u041b\u0406\u0422\u0418\u041a\u0410 \u041a\u041e\u041d\u0424\u0406\u0414\u0415\u041d\u0426\u0406\u0419\u041d\u041e\u0421\u0422\u0406 \u0422\u0410 \u0424\u0410\u0419\u041b\u0406\u0412 COOKIE \u041f\u043e\u0432\u0430\u0436\u0430\u044e\u0447\u0438 \u043f\u0440\u0430\u0432\u043e \u043d\u0430 \u043f\u0440\u0438\u0432\u0430\u0442\u043d\u0456\u0441\u0442\u044c \u043e\u0441\u0456\u0431, \u044f\u043a\u0456 \u0432\u0456\u0434\u0432\u0456\u0434\u0443\u044e\u0442\u044c \u043d\u0430\u0448 \u0441\u0430\u0439\u0442, \u043c\u0438 \u0437\u0430\u044f\u0432\u043b\u044f\u0454\u043c\u043e, \u0449\u043e \u043e\u0442\u0440\u0438\u043c\u0430\u043d\u0456 \u0442\u0430\u043a\u0438\u043c \u0447\u0438\u043d\u043e\u043c \u0434\u0430\u043d\u0456 \u043e\u0431\u0440\u043e\u0431\u043b\u044f\u044e\u0442\u044c\u0441\u044f \u0432\u0456\u0434\u043f\u043e\u0432\u0456\u0434\u043d\u043e \u0434\u043e \u043d\u0430\u0446\u0456\u043e\u043d\u0430\u043b\u044c\u043d\u0438\u0445 \u0442\u0430 \u0454\u0432\u0440\u043e\u043f\u0435\u0439\u0441\u044c\u043a\u0438\u0445 \u043d\u043e\u0440\u043c \u0437\u0430\u043a\u043e\u043d\u043e\u0434\u0430\u0432\u0441\u0442\u0432\u0430, \u0430 \u0442\u0430\u043a\u043e\u0436 \u0432 \u0443\u043c\u043e\u0432\u0430\u0445, \u0449\u043e \u0437\u0430\u0431\u0435\u0437\u043f\u0435\u0447\u0443\u044e\u0442\u044c \u0457\u0445\u043d\u044e \u0431\u0435\u0437\u043f\u0435\u043a\u0443 \u2014 \u0442\u043e\u0431\u0442\u043e \u043a\u043e\u043d\u0444\u0456\u0434\u0435\u043d\u0446\u0456\u0439\u043d\u0456\u0441\u0442\u044c, \u0434\u043e\u0441\u0442\u0443\u043f\u043d\u0456\u0441\u0442\u044c, \u0446\u0456\u043b\u0456\u0441\u043d\u0456\u0441\u0442\u044c \u0442\u0430 \u043c\u043e\u0436\u043b\u0438\u0432\u0456\u0441\u0442\u044c \u0430\u0443\u0434\u0438\u0442\u0443 \u0434\u0456\u0439, \u0449\u043e \u043f\u0440\u043e\u0432\u043e\u0434\u044f\u0442\u044c\u0441\u044f. \u0425\u0442\u043e \u0454 \u0430\u0434\u043c\u0456\u043d\u0456\u0441\u0442\u0440\u0430\u0442\u043e\u0440\u043e\u043c \u0432\u0430\u0448\u0438\u0445 \u043f\u0435\u0440\u0441\u043e\u043d\u0430\u043b\u044c\u043d\u0438\u0445 \u0434\u0430\u043d\u0438\u0445? \u0412\u0456\u0434\u043f\u043e\u0432\u0456\u0434\u043d\u043e [&hellip;]\" \/>\n<meta property=\"og:url\" content=\"https:\/\/qiwipartner.pl\/tr\/privacy-policy\/\" \/>\n<meta property=\"og:site_name\" content=\"Qiwipartner\" \/>\n<meta property=\"article:modified_time\" content=\"2026-04-24T14:54:31+00:00\" \/>\n<meta name=\"twitter:card\" content=\"summary_large_image\" \/>\n<meta name=\"twitter:label1\" content=\"Tahmini okuma s\u00fcresi\" \/>\n\t<meta name=\"twitter:data1\" content=\"3 dakika\" \/>\n<script type=\"application\/ld+json\" class=\"yoast-schema-graph\">{\"@context\":\"https:\\\/\\\/schema.org\",\"@graph\":[{\"@type\":\"WebPage\",\"@id\":\"https:\\\/\\\/qiwipartner.pl\\\/privacy-policy\\\/\",\"url\":\"https:\\\/\\\/qiwipartner.pl\\\/privacy-policy\\\/\",\"name\":\"\u041f\u043e\u043b\u0456\u0442\u0438\u043a\u0430 \u043a\u043e\u043d\u0444\u0456\u0434\u0435\u043d\u0446\u0456\u0439\u043d\u043e\u0441\u0442\u0456 - Qiwipartner\",\"isPartOf\":{\"@id\":\"https:\\\/\\\/qiwipartner.pl\\\/#website\"},\"datePublished\":\"2025-03-10T16:11:04+00:00\",\"dateModified\":\"2026-04-24T14:54:31+00:00\",\"breadcrumb\":{\"@id\":\"https:\\\/\\\/qiwipartner.pl\\\/privacy-policy\\\/#breadcrumb\"},\"inLanguage\":\"tr\",\"potentialAction\":[{\"@type\":\"ReadAction\",\"target\":[\"https:\\\/\\\/qiwipartner.pl\\\/privacy-policy\\\/\"]}]},{\"@type\":\"BreadcrumbList\",\"@id\":\"https:\\\/\\\/qiwipartner.pl\\\/privacy-policy\\\/#breadcrumb\",\"itemListElement\":[{\"@type\":\"ListItem\",\"position\":1,\"name\":\"\u0413\u043e\u043b\u043e\u0432\u043d\u0430\",\"item\":\"https:\\\/\\\/qiwipartner.pl\\\/pl\\\/\"},{\"@type\":\"ListItem\",\"position\":2,\"name\":\"\u041f\u043e\u043b\u0456\u0442\u0438\u043a\u0430 \u043a\u043e\u043d\u0444\u0456\u0434\u0435\u043d\u0446\u0456\u0439\u043d\u043e\u0441\u0442\u0456\"}]},{\"@type\":\"WebSite\",\"@id\":\"https:\\\/\\\/qiwipartner.pl\\\/#website\",\"url\":\"https:\\\/\\\/qiwipartner.pl\\\/\",\"name\":\"Qiwipartner\",\"description\":\"\",\"publisher\":{\"@id\":\"https:\\\/\\\/qiwipartner.pl\\\/#organization\"},\"potentialAction\":[{\"@type\":\"SearchAction\",\"target\":{\"@type\":\"EntryPoint\",\"urlTemplate\":\"https:\\\/\\\/qiwipartner.pl\\\/?s={search_term_string}\"},\"query-input\":{\"@type\":\"PropertyValueSpecification\",\"valueRequired\":true,\"valueName\":\"search_term_string\"}}],\"inLanguage\":\"tr\"},{\"@type\":\"Organization\",\"@id\":\"https:\\\/\\\/qiwipartner.pl\\\/#organization\",\"name\":\"Qiwipartner\",\"url\":\"https:\\\/\\\/qiwipartner.pl\\\/\",\"logo\":{\"@type\":\"ImageObject\",\"inLanguage\":\"tr\",\"@id\":\"https:\\\/\\\/qiwipartner.pl\\\/#\\\/schema\\\/logo\\\/image\\\/\",\"url\":\"https:\\\/\\\/qiwipartner.pl\\\/wp-content\\\/uploads\\\/2025\\\/03\\\/qiwi-logo-animated-2.svg\",\"contentUrl\":\"https:\\\/\\\/qiwipartner.pl\\\/wp-content\\\/uploads\\\/2025\\\/03\\\/qiwi-logo-animated-2.svg\",\"width\":111,\"height\":56,\"caption\":\"Qiwipartner\"},\"image\":{\"@id\":\"https:\\\/\\\/qiwipartner.pl\\\/#\\\/schema\\\/logo\\\/image\\\/\"}}]}<\/script>\n<!-- \/ Yoast SEO plugin. -->","yoast_head_json":{"title":"Gizlilik Politikas\u0131 - Qiwipartner","robots":{"index":"noindex","follow":"nofollow"},"og_locale":"tr_TR","og_type":"article","og_title":"\u041f\u043e\u043b\u0456\u0442\u0438\u043a\u0430 \u043a\u043e\u043d\u0444\u0456\u0434\u0435\u043d\u0446\u0456\u0439\u043d\u043e\u0441\u0442\u0456 - Qiwipartner","og_description":"\u041f\u041e\u041b\u0406\u0422\u0418\u041a\u0410 \u041a\u041e\u041d\u0424\u0406\u0414\u0415\u041d\u0426\u0406\u0419\u041d\u041e\u0421\u0422\u0406 \u0422\u0410 \u0424\u0410\u0419\u041b\u0406\u0412 COOKIE \u041f\u043e\u0432\u0430\u0436\u0430\u044e\u0447\u0438 \u043f\u0440\u0430\u0432\u043e \u043d\u0430 \u043f\u0440\u0438\u0432\u0430\u0442\u043d\u0456\u0441\u0442\u044c \u043e\u0441\u0456\u0431, \u044f\u043a\u0456 \u0432\u0456\u0434\u0432\u0456\u0434\u0443\u044e\u0442\u044c \u043d\u0430\u0448 \u0441\u0430\u0439\u0442, \u043c\u0438 \u0437\u0430\u044f\u0432\u043b\u044f\u0454\u043c\u043e, \u0449\u043e \u043e\u0442\u0440\u0438\u043c\u0430\u043d\u0456 \u0442\u0430\u043a\u0438\u043c \u0447\u0438\u043d\u043e\u043c \u0434\u0430\u043d\u0456 \u043e\u0431\u0440\u043e\u0431\u043b\u044f\u044e\u0442\u044c\u0441\u044f \u0432\u0456\u0434\u043f\u043e\u0432\u0456\u0434\u043d\u043e \u0434\u043e \u043d\u0430\u0446\u0456\u043e\u043d\u0430\u043b\u044c\u043d\u0438\u0445 \u0442\u0430 \u0454\u0432\u0440\u043e\u043f\u0435\u0439\u0441\u044c\u043a\u0438\u0445 \u043d\u043e\u0440\u043c \u0437\u0430\u043a\u043e\u043d\u043e\u0434\u0430\u0432\u0441\u0442\u0432\u0430, \u0430 \u0442\u0430\u043a\u043e\u0436 \u0432 \u0443\u043c\u043e\u0432\u0430\u0445, \u0449\u043e \u0437\u0430\u0431\u0435\u0437\u043f\u0435\u0447\u0443\u044e\u0442\u044c \u0457\u0445\u043d\u044e \u0431\u0435\u0437\u043f\u0435\u043a\u0443 \u2014 \u0442\u043e\u0431\u0442\u043e \u043a\u043e\u043d\u0444\u0456\u0434\u0435\u043d\u0446\u0456\u0439\u043d\u0456\u0441\u0442\u044c, \u0434\u043e\u0441\u0442\u0443\u043f\u043d\u0456\u0441\u0442\u044c, \u0446\u0456\u043b\u0456\u0441\u043d\u0456\u0441\u0442\u044c \u0442\u0430 \u043c\u043e\u0436\u043b\u0438\u0432\u0456\u0441\u0442\u044c \u0430\u0443\u0434\u0438\u0442\u0443 \u0434\u0456\u0439, \u0449\u043e \u043f\u0440\u043e\u0432\u043e\u0434\u044f\u0442\u044c\u0441\u044f. \u0425\u0442\u043e \u0454 \u0430\u0434\u043c\u0456\u043d\u0456\u0441\u0442\u0440\u0430\u0442\u043e\u0440\u043e\u043c \u0432\u0430\u0448\u0438\u0445 \u043f\u0435\u0440\u0441\u043e\u043d\u0430\u043b\u044c\u043d\u0438\u0445 \u0434\u0430\u043d\u0438\u0445? \u0412\u0456\u0434\u043f\u043e\u0432\u0456\u0434\u043d\u043e [&hellip;]","og_url":"https:\/\/qiwipartner.pl\/tr\/privacy-policy\/","og_site_name":"Qiwipartner","article_modified_time":"2026-04-24T14:54:31+00:00","twitter_card":"summary_large_image","twitter_misc":{"Tahmini okuma s\u00fcresi":"3 dakika"},"schema":{"@context":"https:\/\/schema.org","@graph":[{"@type":"WebPage","@id":"https:\/\/qiwipartner.pl\/privacy-policy\/","url":"https:\/\/qiwipartner.pl\/privacy-policy\/","name":"Gizlilik Politikas\u0131 - Qiwipartner","isPartOf":{"@id":"https:\/\/qiwipartner.pl\/#website"},"datePublished":"2025-03-10T16:11:04+00:00","dateModified":"2026-04-24T14:54:31+00:00","breadcrumb":{"@id":"https:\/\/qiwipartner.pl\/privacy-policy\/#breadcrumb"},"inLanguage":"tr","potentialAction":[{"@type":"ReadAction","target":["https:\/\/qiwipartner.pl\/privacy-policy\/"]}]},{"@type":"BreadcrumbList","@id":"https:\/\/qiwipartner.pl\/privacy-policy\/#breadcrumb","itemListElement":[{"@type":"ListItem","position":1,"name":"\u0413\u043e\u043b\u043e\u0432\u043d\u0430","item":"https:\/\/qiwipartner.pl\/pl\/"},{"@type":"ListItem","position":2,"name":"\u041f\u043e\u043b\u0456\u0442\u0438\u043a\u0430 \u043a\u043e\u043d\u0444\u0456\u0434\u0435\u043d\u0446\u0456\u0439\u043d\u043e\u0441\u0442\u0456"}]},{"@type":"WebSite","@id":"https:\/\/qiwipartner.pl\/#website","url":"https:\/\/qiwipartner.pl\/","name":"Qiwipartner","description":"","publisher":{"@id":"https:\/\/qiwipartner.pl\/#organization"},"potentialAction":[{"@type":"SearchAction","target":{"@type":"EntryPoint","urlTemplate":"https:\/\/qiwipartner.pl\/?s={search_term_string}"},"query-input":{"@type":"PropertyValueSpecification","valueRequired":true,"valueName":"search_term_string"}}],"inLanguage":"tr"},{"@type":"Organization","@id":"https:\/\/qiwipartner.pl\/#organization","name":"Qiwipartner","url":"https:\/\/qiwipartner.pl\/","logo":{"@type":"ImageObject","inLanguage":"tr","@id":"https:\/\/qiwipartner.pl\/#\/schema\/logo\/image\/","url":"https:\/\/qiwipartner.pl\/wp-content\/uploads\/2025\/03\/qiwi-logo-animated-2.svg","contentUrl":"https:\/\/qiwipartner.pl\/wp-content\/uploads\/2025\/03\/qiwi-logo-animated-2.svg","width":111,"height":56,"caption":"Qiwipartner"},"image":{"@id":"https:\/\/qiwipartner.pl\/#\/schema\/logo\/image\/"}}]}},"_links":{"self":[{"href":"https:\/\/qiwipartner.pl\/tr\/wp-json\/wp\/v2\/pages\/3","targetHints":{"allow":["GET"]}}],"collection":[{"href":"https:\/\/qiwipartner.pl\/tr\/wp-json\/wp\/v2\/pages"}],"about":[{"href":"https:\/\/qiwipartner.pl\/tr\/wp-json\/wp\/v2\/types\/page"}],"author":[{"embeddable":true,"href":"https:\/\/qiwipartner.pl\/tr\/wp-json\/wp\/v2\/users\/1"}],"replies":[{"embeddable":true,"href":"https:\/\/qiwipartner.pl\/tr\/wp-json\/wp\/v2\/comments?post=3"}],"version-history":[{"count":49,"href":"https:\/\/qiwipartner.pl\/tr\/wp-json\/wp\/v2\/pages\/3\/revisions"}],"predecessor-version":[{"id":9667,"href":"https:\/\/qiwipartner.pl\/tr\/wp-json\/wp\/v2\/pages\/3\/revisions\/9667"}],"wp:attachment":[{"href":"https:\/\/qiwipartner.pl\/tr\/wp-json\/wp\/v2\/media?parent=3"}],"curies":[{"name":"wp","href":"https:\/\/api.w.org\/{rel}","templated":true}]}}