{"id":8494,"date":"2026-03-03T14:41:29","date_gmt":"2026-03-03T14:41:29","guid":{"rendered":"https:\/\/qiwipartner.pl\/?page_id=8494"},"modified":"2026-03-03T14:50:35","modified_gmt":"2026-03-03T14:50:35","slug":"information-clause","status":"publish","type":"page","link":"https:\/\/qiwipartner.pl\/tr\/information-clause\/","title":{"rendered":"Information Clause"},"content":{"rendered":"<div data-elementor-type=\"wp-page\" data-elementor-id=\"8494\" class=\"elementor elementor-8494\" data-elementor-post-type=\"page\">\n\t\t\t\t<div class=\"elementor-element elementor-element-7740146 e-flex e-con-boxed e-con e-parent\" data-id=\"7740146\" data-element_type=\"container\">\n\t\t\t\t\t<div class=\"e-con-inner\">\n\t\t\t\t<div class=\"elementor-element elementor-element-ad13e97 elementor-widget__width-initial elementor-widget elementor-widget-text-editor\" data-id=\"ad13e97\" data-element_type=\"widget\" data-widget_type=\"text-editor.default\">\n\t\t\t\t<div class=\"elementor-widget-container\">\n\t\t\t\t\t\t\t\t\t<h1><strong>B\u0130LG\u0130 MADDES\u0130<\/strong><\/h1><p>Bizimle bir ara\u00e7 kiralama\/kiralama s\u00f6zle\u015fmesi ve taksi \u015fof\u00f6r\u00fc veya yemek da\u011f\u0131t\u0131m hizmetlerinin sa\u011flanmas\u0131 i\u00e7in bir s\u00f6zle\u015fme (\"S\u00f6zle\u015fme\") imzalayarak, bize ki\u015fisel verilerinizi sa\u011flars\u0131n\u0131z. Bu ba\u011flamda, \u015eirketin bunlar\u0131 hangi ama\u00e7la, hangi yasal dayanakla kullanaca\u011f\u0131 ve bu konuda hangi haklara sahip oldu\u011funuz hakk\u0131nda bilgi alma hakk\u0131na sahipsiniz.<\/p><h2>\u00a0<\/h2><h2><strong>I. Ki\u015fisel verilerinizin Y\u00f6neticisi kimdir?<\/strong><\/h2><p>Avrupa Parlamentosu ve Konseyi'nin 27 Nisan 2016 tarihli (AB) 2016\/679 say\u0131l\u0131 T\u00fcz\u00fc\u011f\u00fcn\u00fcn (GDPR\/RODO) 13(1) ve (2) Maddeleri uyar\u0131nca, ki\u015fisel verilerinizin Y\u00f6neticisinin s\u00f6zle\u015fme yapt\u0131\u011f\u0131n\u0131z \u015firket oldu\u011funu size bildiririz - Qiwi Partner Sp\u00f3\u0142ka z ograniczon\u0105 odpowiedzialno\u015bci\u0105, \u015fu adreste bulunmaktad\u0131r: 04-332 Var\u015fova, Serocka 20, KRS: 950391, REGON: 521209633, NIP: 1133050888 (bundan b\u00f6yle \"Y\u00f6netici\" veya \"\u015eirket\" olarak an\u0131lacakt\u0131r).<\/p><p>\u0130leti\u015fim bilgileri: <a href=\"mailto:biuro@qiwipartner.pl\" data-no-translation=\"\" data-no-auto-translation=\"\">biuro@qiwipartner.pl<\/a><\/p><p>Se\u00e7ti\u011finiz Hizmet Orta\u011f\u0131n\u0131n (\u00f6rne\u011fin Glovo, Uber, Bolt, Wolt, vb.) mobil uygulamas\u0131 arac\u0131l\u0131\u011f\u0131yla i\u015flenen ki\u015fisel verilerin y\u00f6neticisi ilgili Ortakt\u0131r. Verilerinizin b\u00f6yle bir Ortak taraf\u0131ndan i\u015flenmesi hakk\u0131nda do\u011frudan onlardan bilgi alacaks\u0131n\u0131z.<\/p><h2>\u00a0<\/h2><h2><strong>II. Bir Veri Koruma G\u00f6revlisi atand\u0131 m\u0131?<\/strong><\/h2><p>Y\u00f6netici, kendisiyle ileti\u015fime ge\u00e7ilebilecek bir Veri Koruma G\u00f6revlisi atam\u0131\u015ft\u0131r:<\/p><ul><li>\u015eirket'in adresine posta yoluyla<\/li><li>e-posta ile: <a href=\"mailto:rodo@qiwipartner.pl\" data-no-translation=\"\" data-no-auto-translation=\"\">rodo@qiwipartner.pl<\/a><\/li><li>Telefon: 604-782-535<\/li><\/ul><h2>\u00a0<\/h2><h2><strong>III. Ki\u015fisel verilerinizi hangi ama\u00e7la ve hangi yasal dayana\u011fa g\u00f6re i\u015fliyoruz?<\/strong><\/h2><p>1) E\u011fer arac\u0131 kiralayan siz iseniz:<\/p><p>Verileriniz bir ama\u00e7 i\u00e7in i\u015flenmektedir:<\/p><ul><li>imzalanan s\u00f6zle\u015fmenin ifas\u0131 ve uzla\u015fmalar (GDPR Madde 6(1)(b))<\/li><li>bir s\u00f6zle\u015fmeye girmeden \u00f6nce kimlik do\u011frulamas\u0131 (\u015eirketin me\u015fru menfaati - GDPR Madde 6(1)(f))<\/li><li>muhasebe ve vergi y\u00fck\u00fcml\u00fcl\u00fcklerinin yerine getirilmesi (GDPR Madde 6(1)(c))<\/li><li>S\u00f6zle\u015fmenin ifas\u0131 ile ba\u011flant\u0131l\u0131 olarak ileti\u015fimin s\u00fcrd\u00fcr\u00fclmesi (GDPR Madde 6(1)(f))<\/li><li>olas\u0131 taleplerin olu\u015fturulmas\u0131 ve savunulmas\u0131 (GDPR Madde 6(1)(f))<\/li><li>\u015eirketin \u00fcr\u00fcn ve hizmetleri hakk\u0131nda pazarlama bilgileri g\u00f6ndermek (ileti\u015fim kanal\u0131na ili\u015fkin izninizle)<\/li><li>Eternis Grup \u015firketlerinin \u00fcr\u00fcnleri ve hizmetleri hakk\u0131nda pazarlama bilgileri g\u00f6ndermek (ileti\u015fim kanal\u0131na onay vermenize ba\u011fl\u0131 olarak)<\/li><\/ul><p>\u00a0<\/p><p>2) E\u011fer bir Ara\u00e7 Kullan\u0131c\u0131s\u0131 iseniz:<\/p><p>\u0130\u015flemenin amac\u0131 ve yasal dayana\u011f\u0131 yukar\u0131da listelenenlere benzerdir (bir s\u00f6zle\u015fmenin ifas\u0131, kimlik do\u011frulama, muhasebe g\u00f6revleri, ileti\u015fim, talepler, pazarlama).<\/p><p>3) E\u011fer arac\u0131n kirac\u0131s\u0131 iseniz:<\/p><p>Veriler bir ama\u00e7 i\u00e7in i\u015flenmektedir:<\/p><ul><li>s\u00f6zle\u015fme performans\u0131<\/li><li>ki\u0307mli\u0307k kontrolleri\u0307<\/li><li>Muhasebe ve vergi g\u00f6revlerinin yerine getirilmesi<\/li><li>ileti\u015fimde kalmak<\/li><li>hak taleplerinin olu\u015fturulmas\u0131 ve savunulmas\u0131<\/li><li>kiralanan arac\u0131n izlenmesi (\u015eirketin me\u015fru menfaati, m\u00fclk g\u00fcvenli\u011fini ve filo y\u00f6netimini sa\u011flamakt\u0131r)<\/li><li>Pazarlama bilgilerinin g\u00f6nderilmesi (ileti\u015fim kanal\u0131 \u00fczerinde anla\u015fmaya var\u0131lmas\u0131 \u00fczerine)<\/li><\/ul><p>\u00a0<\/p><p>4) Y\u00fcklenici iseniz (g\u00f6revlendirme s\u00f6zle\u015fmesi kapsam\u0131nda):<\/p><p>Veriler bir ama\u00e7 i\u00e7in i\u015flenmektedir:<\/p><ul><li>s\u00f6zle\u015fme performans\u0131<\/li><li>ki\u0307mli\u0307k kontrolleri\u0307<\/li><li>Muhasebe ve vergi g\u00f6revlerinin yerine getirilmesi<\/li><li>ileti\u015fimde kalmak<\/li><li>hak taleplerinin olu\u015fturulmas\u0131 ve savunulmas\u0131<\/li><li>pazarlama ama\u00e7lar\u0131 (ileti\u015fim kanal\u0131nda kararla\u015ft\u0131r\u0131ld\u0131\u011f\u0131 gibi)<\/li><\/ul><p>\u00a0<\/p><p>5) Bir t\u00fczel ki\u015fili\u011fi temsil ediyorsan\u0131z veya bir irtibat ki\u015fisiyseniz:<\/p><p>Verileriniz bir ama\u00e7 i\u00e7in i\u015flenmektedir:<\/p><ul><li>S\u00f6zle\u015fmenin imzalanmas\u0131 ve y\u00fcr\u00fct\u00fclmesi<\/li><li>s\u00f6zle\u015fmenin bir taraf\u0131n\u0131 temsil etmeye yetkili ki\u015filerin belirlenmesi<\/li><li>Muhasebe ve vergi g\u00f6revlerinin yerine getirilmesi<\/li><li>olas\u0131 hak taleplerinin olu\u015fturulmas\u0131 ve savunulmas\u0131<\/li><li>G\u00fcncel ileti\u015fim ve yaz\u0131\u015fmalar\u0131n s\u00fcrd\u00fcr\u00fclmesi<\/li><\/ul><h2>\u00a0<\/h2><h2><strong>IV. Verilerinizi ne kadar s\u00fcreyle i\u015fliyoruz?<\/strong><\/h2><p>Ki\u015fisel verileriniz i\u015flenmektedir:<\/p><ul><li>s\u00f6zle\u015fme s\u00fcresi boyunca<\/li><li>tamamland\u0131ktan sonra - kanunla \u00f6ng\u00f6r\u00fclen s\u00fcre i\u00e7inde (vergi, muhasebe)<\/li><li>me\u015fru menfaate dayal\u0131 i\u015fleme durumunda, ger\u00e7ekle\u015fene veya siz itiraz edene kadar<\/li><li>r\u0131za temelinde i\u015fleme durumunda - geri \u00e7ekilene kadar<\/li><\/ul><p>\u00a0<\/p><p>Bu s\u00fcre, savunma veya taleplerin ileri s\u00fcr\u00fclmesi amac\u0131yla gerekli olmas\u0131 halinde uzat\u0131labilir.<\/p><h2>\u00a0<\/h2><h2><strong>V. Verilerinizi kimlerle payla\u015f\u0131yoruz?<\/strong><\/h2><p>Verileriniz aktar\u0131labilir:<\/p><ul><li>yetkili devlet kurumlar\u0131<\/li><li>Eternis Grup \u015firketleri (Y\u00f6neticiye sa\u011flanan hizmetler kapsam\u0131nda)<\/li><li>\u0130dareciye hizmet sa\u011flayan y\u00fckleniciler (\u00f6zellikle BT hizmetleri)<\/li><\/ul><h2>\u00a0<\/h2><h2><strong>VI. Verilerin sa\u011flanmas\u0131 zorunlu mu?<\/strong><\/h2><p>Ki\u015fisel verilerin sa\u011flanmas\u0131 iste\u011fe ba\u011fl\u0131d\u0131r, ancak s\u00f6zle\u015fmenin imzalanmas\u0131 i\u00e7in gereklidir.<\/p><h2>\u00a0<\/h2><h2><strong>VII. Verilerinizi nereden ald\u0131k?<\/strong><\/h2><p>Veriler do\u011frudan sizden veya t\u00fczel ki\u015filer s\u00f6z konusu oldu\u011funda temsil etti\u011finiz \u015firketten elde edilir.<\/p><h2>\u00a0<\/h2><h2><strong>VIII. Hangi haklara sahipsiniz?<\/strong><\/h2><p>Buna hakk\u0131n var:<\/p><ul><li>verilerine eri\u015fmek ve bir kopyas\u0131n\u0131 almak i\u00e7in<\/li><li>yanl\u0131\u015f verileri d\u00fczeltmek veya eksik verileri tamamlamak i\u00e7in<\/li><li>verileri silmek i\u00e7in (kanunla \u00f6ng\u00f6r\u00fclen durumlarda)<\/li><li>i\u015fleme k\u0131s\u0131tlamalar\u0131 i\u00e7in<\/li><li>i\u015flemeye itiraz etmek (me\u015fru menfaat temelinde ger\u00e7ekle\u015ftiriliyorsa)<\/li><li>veri aktar\u0131m\u0131 i\u00e7in<\/li><li>denetim makam\u0131na (Var\u015fova'daki Ki\u015fisel Verilerin Korunmas\u0131 Ofisi Ba\u015fkan\u0131) \u015fikayette bulunmak i\u00e7in<\/li><\/ul><p>\u00a0<\/p><p>Haklar\u0131n\u0131z\u0131 kullanma konusunda herhangi bir sorunuz varsa, l\u00fctfen bizimle ileti\u015fime ge\u00e7in: <a href=\"mailto:rodo@qiwipartner.pl\" data-no-translation=\"\" data-no-auto-translation=\"\">rodo@qiwipartner.pl<\/a> veya posta yoluyla \u015eirket adresine g\u00f6nderebilirsiniz.<\/p><p>Bu haklar\u0131n mutlak olmad\u0131\u011f\u0131n\u0131 ve y\u00fcr\u00fcrl\u00fckteki yasalara tabi oldu\u011funu l\u00fctfen unutmay\u0131n.<\/p>\t\t\t\t\t\t\t\t<\/div>\n\t\t\t\t<\/div>\n\t\t\t\t\t<\/div>\n\t\t\t\t<\/div>\n\t\t\t\t<\/div>","protected":false},"excerpt":{"rendered":"<p>\u0406\u041d\u0424\u041e\u0420\u041c\u0410\u0426\u0406\u0419\u041d\u0410 \u041a\u041b\u0410\u0423\u0417\u0423\u041b\u0410 \u0423\u043a\u043b\u0430\u0434\u0430\u044e\u0447\u0438 \u0437 \u043d\u0430\u043c\u0438 \u0434\u043e\u0433\u043e\u0432\u0456\u0440 \u043e\u0440\u0435\u043d\u0434\u0438\/\u043d\u0430\u0439\u043c\u0443 \u0442\u0440\u0430\u043d\u0441\u043f\u043e\u0440\u0442\u043d\u043e\u0433\u043e \u0437\u0430\u0441\u043e\u0431\u0443 \u0442\u0430 \u0434\u043e\u0433\u043e\u0432\u0456\u0440 \u0434\u043e\u0440\u0443\u0447\u0435\u043d\u043d\u044f \u043d\u0430 \u043d\u0430\u0434\u0430\u043d\u043d\u044f \u043f\u043e\u0441\u043b\u0443\u0433 \u0432\u043e\u0434\u0456\u044f \u0442\u0430\u043a\u0441\u0456 \u0430\u0431\u043e \u043a\u0443\u0440\u2019\u0454\u0440\u0430 \u0437 \u0434\u043e\u0441\u0442\u0430\u0432\u043a\u0438 \u0457\u0436\u0456 (\u00ab\u0414\u043e\u0433\u043e\u0432\u0456\u0440\u00bb), \u0432\u0438 \u043f\u0435\u0440\u0435\u0434\u0430\u0454\u0442\u0435 \u043d\u0430\u043c \u0441\u0432\u043e\u0457 \u043f\u0435\u0440\u0441\u043e\u043d\u0430\u043b\u044c\u043d\u0456 \u0434\u0430\u043d\u0456. \u0423 \u0437\u0432\u2019\u044f\u0437\u043a\u0443 \u0437 \u0446\u0438\u043c \u0432\u0438 \u043c\u0430\u0454\u0442\u0435 \u043f\u0440\u0430\u0432\u043e \u043e\u0442\u0440\u0438\u043c\u0430\u0442\u0438 \u0456\u043d\u0444\u043e\u0440\u043c\u0430\u0446\u0456\u044e \u043f\u0440\u043e \u0442\u0435, \u0437 \u044f\u043a\u043e\u044e \u043c\u0435\u0442\u043e\u044e \u041a\u043e\u043c\u043f\u0430\u043d\u0456\u044f \u0431\u0443\u0434\u0435 \u0457\u0445 \u0432\u0438\u043a\u043e\u0440\u0438\u0441\u0442\u043e\u0432\u0443\u0432\u0430\u0442\u0438, \u043d\u0430 \u044f\u043a\u0456\u0439 \u043f\u0440\u0430\u0432\u043e\u0432\u0456\u0439 \u043f\u0456\u0434\u0441\u0442\u0430\u0432\u0456 \u0442\u0430 \u044f\u043a\u0456 \u043f\u0440\u0430\u0432\u0430 \u0432\u0430\u043c [&hellip;]<\/p>","protected":false},"author":4,"featured_media":0,"parent":0,"menu_order":0,"comment_status":"closed","ping_status":"closed","template":"","meta":{"footnotes":""},"class_list":["post-8494","page","type-page","status-publish","hentry"],"yoast_head":"<!-- This site is optimized with the Yoast SEO plugin v25.7 - https:\/\/yoast.com\/wordpress\/plugins\/seo\/ -->\n<title>Information Clause - Qiwipartner<\/title>\n<meta name=\"robots\" content=\"index, follow, max-snippet:-1, max-image-preview:large, max-video-preview:-1\" \/>\n<link rel=\"canonical\" href=\"https:\/\/qiwipartner.pl\/tr\/information-clause\/\" \/>\n<meta property=\"og:locale\" content=\"tr_TR\" \/>\n<meta property=\"og:type\" content=\"article\" \/>\n<meta property=\"og:title\" content=\"Information Clause - Qiwipartner\" \/>\n<meta property=\"og:description\" content=\"\u0406\u041d\u0424\u041e\u0420\u041c\u0410\u0426\u0406\u0419\u041d\u0410 \u041a\u041b\u0410\u0423\u0417\u0423\u041b\u0410 \u0423\u043a\u043b\u0430\u0434\u0430\u044e\u0447\u0438 \u0437 \u043d\u0430\u043c\u0438 \u0434\u043e\u0433\u043e\u0432\u0456\u0440 \u043e\u0440\u0435\u043d\u0434\u0438\/\u043d\u0430\u0439\u043c\u0443 \u0442\u0440\u0430\u043d\u0441\u043f\u043e\u0440\u0442\u043d\u043e\u0433\u043e \u0437\u0430\u0441\u043e\u0431\u0443 \u0442\u0430 \u0434\u043e\u0433\u043e\u0432\u0456\u0440 \u0434\u043e\u0440\u0443\u0447\u0435\u043d\u043d\u044f \u043d\u0430 \u043d\u0430\u0434\u0430\u043d\u043d\u044f \u043f\u043e\u0441\u043b\u0443\u0433 \u0432\u043e\u0434\u0456\u044f \u0442\u0430\u043a\u0441\u0456 \u0430\u0431\u043e \u043a\u0443\u0440\u2019\u0454\u0440\u0430 \u0437 \u0434\u043e\u0441\u0442\u0430\u0432\u043a\u0438 \u0457\u0436\u0456 (\u00ab\u0414\u043e\u0433\u043e\u0432\u0456\u0440\u00bb), \u0432\u0438 \u043f\u0435\u0440\u0435\u0434\u0430\u0454\u0442\u0435 \u043d\u0430\u043c \u0441\u0432\u043e\u0457 \u043f\u0435\u0440\u0441\u043e\u043d\u0430\u043b\u044c\u043d\u0456 \u0434\u0430\u043d\u0456. \u0423 \u0437\u0432\u2019\u044f\u0437\u043a\u0443 \u0437 \u0446\u0438\u043c \u0432\u0438 \u043c\u0430\u0454\u0442\u0435 \u043f\u0440\u0430\u0432\u043e \u043e\u0442\u0440\u0438\u043c\u0430\u0442\u0438 \u0456\u043d\u0444\u043e\u0440\u043c\u0430\u0446\u0456\u044e \u043f\u0440\u043e \u0442\u0435, \u0437 \u044f\u043a\u043e\u044e \u043c\u0435\u0442\u043e\u044e \u041a\u043e\u043c\u043f\u0430\u043d\u0456\u044f \u0431\u0443\u0434\u0435 \u0457\u0445 \u0432\u0438\u043a\u043e\u0440\u0438\u0441\u0442\u043e\u0432\u0443\u0432\u0430\u0442\u0438, \u043d\u0430 \u044f\u043a\u0456\u0439 \u043f\u0440\u0430\u0432\u043e\u0432\u0456\u0439 \u043f\u0456\u0434\u0441\u0442\u0430\u0432\u0456 \u0442\u0430 \u044f\u043a\u0456 \u043f\u0440\u0430\u0432\u0430 \u0432\u0430\u043c [&hellip;]\" \/>\n<meta property=\"og:url\" content=\"https:\/\/qiwipartner.pl\/tr\/information-clause\/\" \/>\n<meta property=\"og:site_name\" content=\"Qiwipartner\" \/>\n<meta property=\"article:modified_time\" content=\"2026-03-03T14:50:35+00:00\" \/>\n<meta name=\"twitter:card\" content=\"summary_large_image\" \/>\n<meta name=\"twitter:label1\" content=\"Tahmini okuma s\u00fcresi\" \/>\n\t<meta name=\"twitter:data1\" content=\"4 dakika\" \/>\n<script type=\"application\/ld+json\" class=\"yoast-schema-graph\">{\"@context\":\"https:\/\/schema.org\",\"@graph\":[{\"@type\":\"WebPage\",\"@id\":\"https:\/\/qiwipartner.pl\/pl\/information-clause\/\",\"url\":\"https:\/\/qiwipartner.pl\/pl\/information-clause\/\",\"name\":\"Information Clause - Qiwipartner\",\"isPartOf\":{\"@id\":\"https:\/\/qiwipartner.pl\/#website\"},\"datePublished\":\"2026-03-03T14:41:29+00:00\",\"dateModified\":\"2026-03-03T14:50:35+00:00\",\"breadcrumb\":{\"@id\":\"https:\/\/qiwipartner.pl\/pl\/information-clause\/#breadcrumb\"},\"inLanguage\":\"tr\",\"potentialAction\":[{\"@type\":\"ReadAction\",\"target\":[\"https:\/\/qiwipartner.pl\/pl\/information-clause\/\"]}]},{\"@type\":\"BreadcrumbList\",\"@id\":\"https:\/\/qiwipartner.pl\/pl\/information-clause\/#breadcrumb\",\"itemListElement\":[{\"@type\":\"ListItem\",\"position\":1,\"name\":\"Home\",\"item\":\"https:\/\/qiwipartner.pl\/\"},{\"@type\":\"ListItem\",\"position\":2,\"name\":\"Information Clause\"}]},{\"@type\":\"WebSite\",\"@id\":\"https:\/\/qiwipartner.pl\/#website\",\"url\":\"https:\/\/qiwipartner.pl\/\",\"name\":\"Qiwipartner\",\"description\":\"\",\"publisher\":{\"@id\":\"https:\/\/qiwipartner.pl\/#organization\"},\"potentialAction\":[{\"@type\":\"SearchAction\",\"target\":{\"@type\":\"EntryPoint\",\"urlTemplate\":\"https:\/\/qiwipartner.pl\/?s={search_term_string}\"},\"query-input\":{\"@type\":\"PropertyValueSpecification\",\"valueRequired\":true,\"valueName\":\"search_term_string\"}}],\"inLanguage\":\"tr\"},{\"@type\":\"Organization\",\"@id\":\"https:\/\/qiwipartner.pl\/#organization\",\"name\":\"Qiwipartner\",\"url\":\"https:\/\/qiwipartner.pl\/\",\"logo\":{\"@type\":\"ImageObject\",\"inLanguage\":\"tr\",\"@id\":\"https:\/\/qiwipartner.pl\/#\/schema\/logo\/image\/\",\"url\":\"https:\/\/qiwipartner.pl\/wp-content\/uploads\/2025\/03\/qiwi-logo-animated-2.svg\",\"contentUrl\":\"https:\/\/qiwipartner.pl\/wp-content\/uploads\/2025\/03\/qiwi-logo-animated-2.svg\",\"width\":111,\"height\":56,\"caption\":\"Qiwipartner\"},\"image\":{\"@id\":\"https:\/\/qiwipartner.pl\/#\/schema\/logo\/image\/\"}}]}<\/script>\n<!-- \/ Yoast SEO plugin. -->","yoast_head_json":{"title":"Bilgi Maddesi - Qiwipartner","robots":{"index":"index","follow":"follow","max-snippet":"max-snippet:-1","max-image-preview":"max-image-preview:large","max-video-preview":"max-video-preview:-1"},"canonical":"https:\/\/qiwipartner.pl\/tr\/information-clause\/","og_locale":"tr_TR","og_type":"article","og_title":"Information Clause - Qiwipartner","og_description":"\u0406\u041d\u0424\u041e\u0420\u041c\u0410\u0426\u0406\u0419\u041d\u0410 \u041a\u041b\u0410\u0423\u0417\u0423\u041b\u0410 \u0423\u043a\u043b\u0430\u0434\u0430\u044e\u0447\u0438 \u0437 \u043d\u0430\u043c\u0438 \u0434\u043e\u0433\u043e\u0432\u0456\u0440 \u043e\u0440\u0435\u043d\u0434\u0438\/\u043d\u0430\u0439\u043c\u0443 \u0442\u0440\u0430\u043d\u0441\u043f\u043e\u0440\u0442\u043d\u043e\u0433\u043e \u0437\u0430\u0441\u043e\u0431\u0443 \u0442\u0430 \u0434\u043e\u0433\u043e\u0432\u0456\u0440 \u0434\u043e\u0440\u0443\u0447\u0435\u043d\u043d\u044f \u043d\u0430 \u043d\u0430\u0434\u0430\u043d\u043d\u044f \u043f\u043e\u0441\u043b\u0443\u0433 \u0432\u043e\u0434\u0456\u044f \u0442\u0430\u043a\u0441\u0456 \u0430\u0431\u043e \u043a\u0443\u0440\u2019\u0454\u0440\u0430 \u0437 \u0434\u043e\u0441\u0442\u0430\u0432\u043a\u0438 \u0457\u0436\u0456 (\u00ab\u0414\u043e\u0433\u043e\u0432\u0456\u0440\u00bb), \u0432\u0438 \u043f\u0435\u0440\u0435\u0434\u0430\u0454\u0442\u0435 \u043d\u0430\u043c \u0441\u0432\u043e\u0457 \u043f\u0435\u0440\u0441\u043e\u043d\u0430\u043b\u044c\u043d\u0456 \u0434\u0430\u043d\u0456. \u0423 \u0437\u0432\u2019\u044f\u0437\u043a\u0443 \u0437 \u0446\u0438\u043c \u0432\u0438 \u043c\u0430\u0454\u0442\u0435 \u043f\u0440\u0430\u0432\u043e \u043e\u0442\u0440\u0438\u043c\u0430\u0442\u0438 \u0456\u043d\u0444\u043e\u0440\u043c\u0430\u0446\u0456\u044e \u043f\u0440\u043e \u0442\u0435, \u0437 \u044f\u043a\u043e\u044e \u043c\u0435\u0442\u043e\u044e \u041a\u043e\u043c\u043f\u0430\u043d\u0456\u044f \u0431\u0443\u0434\u0435 \u0457\u0445 \u0432\u0438\u043a\u043e\u0440\u0438\u0441\u0442\u043e\u0432\u0443\u0432\u0430\u0442\u0438, \u043d\u0430 \u044f\u043a\u0456\u0439 \u043f\u0440\u0430\u0432\u043e\u0432\u0456\u0439 \u043f\u0456\u0434\u0441\u0442\u0430\u0432\u0456 \u0442\u0430 \u044f\u043a\u0456 \u043f\u0440\u0430\u0432\u0430 \u0432\u0430\u043c [&hellip;]","og_url":"https:\/\/qiwipartner.pl\/tr\/information-clause\/","og_site_name":"Qiwipartner","article_modified_time":"2026-03-03T14:50:35+00:00","twitter_card":"summary_large_image","twitter_misc":{"Tahmini okuma s\u00fcresi":"4 dakika"},"schema":{"@context":"https:\/\/schema.org","@graph":[{"@type":"WebPage","@id":"https:\/\/qiwipartner.pl\/pl\/information-clause\/","url":"https:\/\/qiwipartner.pl\/pl\/information-clause\/","name":"Bilgi Maddesi - Qiwipartner","isPartOf":{"@id":"https:\/\/qiwipartner.pl\/#website"},"datePublished":"2026-03-03T14:41:29+00:00","dateModified":"2026-03-03T14:50:35+00:00","breadcrumb":{"@id":"https:\/\/qiwipartner.pl\/pl\/information-clause\/#breadcrumb"},"inLanguage":"tr","potentialAction":[{"@type":"ReadAction","target":["https:\/\/qiwipartner.pl\/pl\/information-clause\/"]}]},{"@type":"BreadcrumbList","@id":"https:\/\/qiwipartner.pl\/pl\/information-clause\/#breadcrumb","itemListElement":[{"@type":"ListItem","position":1,"name":"Home","item":"https:\/\/qiwipartner.pl\/"},{"@type":"ListItem","position":2,"name":"Information Clause"}]},{"@type":"WebSite","@id":"https:\/\/qiwipartner.pl\/#website","url":"https:\/\/qiwipartner.pl\/","name":"Qiwipartner","description":"","publisher":{"@id":"https:\/\/qiwipartner.pl\/#organization"},"potentialAction":[{"@type":"SearchAction","target":{"@type":"EntryPoint","urlTemplate":"https:\/\/qiwipartner.pl\/?s={search_term_string}"},"query-input":{"@type":"PropertyValueSpecification","valueRequired":true,"valueName":"search_term_string"}}],"inLanguage":"tr"},{"@type":"Organization","@id":"https:\/\/qiwipartner.pl\/#organization","name":"Qiwipartner","url":"https:\/\/qiwipartner.pl\/","logo":{"@type":"ImageObject","inLanguage":"tr","@id":"https:\/\/qiwipartner.pl\/#\/schema\/logo\/image\/","url":"https:\/\/qiwipartner.pl\/wp-content\/uploads\/2025\/03\/qiwi-logo-animated-2.svg","contentUrl":"https:\/\/qiwipartner.pl\/wp-content\/uploads\/2025\/03\/qiwi-logo-animated-2.svg","width":111,"height":56,"caption":"Qiwipartner"},"image":{"@id":"https:\/\/qiwipartner.pl\/#\/schema\/logo\/image\/"}}]}},"_links":{"self":[{"href":"https:\/\/qiwipartner.pl\/tr\/wp-json\/wp\/v2\/pages\/8494","targetHints":{"allow":["GET"]}}],"collection":[{"href":"https:\/\/qiwipartner.pl\/tr\/wp-json\/wp\/v2\/pages"}],"about":[{"href":"https:\/\/qiwipartner.pl\/tr\/wp-json\/wp\/v2\/types\/page"}],"author":[{"embeddable":true,"href":"https:\/\/qiwipartner.pl\/tr\/wp-json\/wp\/v2\/users\/4"}],"replies":[{"embeddable":true,"href":"https:\/\/qiwipartner.pl\/tr\/wp-json\/wp\/v2\/comments?post=8494"}],"version-history":[{"count":4,"href":"https:\/\/qiwipartner.pl\/tr\/wp-json\/wp\/v2\/pages\/8494\/revisions"}],"predecessor-version":[{"id":8499,"href":"https:\/\/qiwipartner.pl\/tr\/wp-json\/wp\/v2\/pages\/8494\/revisions\/8499"}],"wp:attachment":[{"href":"https:\/\/qiwipartner.pl\/tr\/wp-json\/wp\/v2\/media?parent=8494"}],"curies":[{"name":"wp","href":"https:\/\/api.w.org\/{rel}","templated":true}]}}