{"id":8494,"date":"2026-03-03T14:41:29","date_gmt":"2026-03-03T14:41:29","guid":{"rendered":"https:\/\/qiwipartner.pl\/?page_id=8494"},"modified":"2026-03-03T14:50:35","modified_gmt":"2026-03-03T14:50:35","slug":"information-clause","status":"publish","type":"page","link":"https:\/\/qiwipartner.pl\/uz\/information-clause\/","title":{"rendered":"Information Clause"},"content":{"rendered":"<div data-elementor-type=\"wp-page\" data-elementor-id=\"8494\" class=\"elementor elementor-8494\" data-elementor-post-type=\"page\">\n\t\t\t\t<div class=\"elementor-element elementor-element-7740146 e-flex e-con-boxed e-con e-parent\" data-id=\"7740146\" data-element_type=\"container\">\n\t\t\t\t\t<div class=\"e-con-inner\">\n\t\t\t\t<div class=\"elementor-element elementor-element-ad13e97 elementor-widget__width-initial elementor-widget elementor-widget-text-editor\" data-id=\"ad13e97\" data-element_type=\"widget\" data-widget_type=\"text-editor.default\">\n\t\t\t\t<div class=\"elementor-widget-container\">\n\t\t\t\t\t\t\t\t\t<h1><strong>MA'LUMOT BANDI<\/strong><\/h1><p>Biz bilan transport vositasini ijaraga olish\/ijara shartnomasi va taksi haydovchisi yoki ovqat yetkazib berish kureri xizmatlarini ko'rsatish bo'yicha shartnoma (\"Shartnoma\") tuzish orqali siz bizga o'z shaxsiy ma'lumotlaringizni taqdim etasiz. Shu munosabat bilan siz Kompaniya shaxsiy ma'lumotlaringizni qaysi maqsadlarda ishlatishi, buning huquqiy asosi hamda bu boradagi huquqlaringiz to'g'risida ma'lumot olish huquqiga egasiz.<\/p><h2>\u00a0<\/h2><h2><strong>I. Sizning shaxsiy ma'lumotlaringiz ma'muriyati kim?<\/strong><\/h2><p>2016-yil 27-apreldagi Yevropa Parlamentining va Kengashining (EU) 2016\/679-sonli Reglamenti (GDPR\/RODO) 13-moddasining 1- va 2-bandlariga muvofiq, biz sizni shaxsiy ma'lumotlaringiz bo'yicha ma'lumotlarni boshqaruvchi shaxs siz shartnoma tuzayotgan kompaniya ekanligi haqida xabardor qilamiz. \u2014 Qiwi Partner Sp\u00f3\u0142ka z ograniczon\u0105 odpowiedzialno\u015bci\u0105, manzili: 04-332 Varshava, Serocka ko'chasi 20, KRS: 950391, REGON: 521209633, NIP: 1133050888 (keyingi matnda \"Ma'mur\" yoki \"Kompaniya\" deb ataladi).<\/p><p>Aloqa ma&#039;lumotlari: <a href=\"mailto:biuro@qiwipartner.pl\" data-no-translation=\"\" data-no-auto-translation=\"\">biuro@qiwipartner.pl<\/a><\/p><p>Siz tanlagan xizmat hamkori (masalan, Glovo, Uber, Bolt, Wolt va boshqalar) mobil ilovasi orqali qayta ishlanadigan shaxsiy ma'lumotlarning ma'muriyotchisi tegishli hamkordir. Siz bunday hamkor tomonidan ma'lumotlaringiz qayta ishlanishi haqidagi ma'lumotni bevosita ulardan olasiz.<\/p><h2>\u00a0<\/h2><h2><strong>II. Ma'lumotlarni himoya qilish bo'yicha mas'ul shaxs tayinlandi mi?<\/strong><\/h2><p>Administrator ma'lumotlarni himoya qilish bo'yicha mas'ul xodimni tayinladi, unga quyidagi manzil orqali murojaat qilishingiz mumkin:<\/p><ul><li>Kompaniyaning manziliga pochta orqali<\/li><li>elektron pochta orqali: <a href=\"mailto:rodo@qiwipartner.pl\" data-no-translation=\"\" data-no-auto-translation=\"\">rodo@qiwipartner.pl<\/a><\/li><li>telefon orqali: 604-782-535<\/li><\/ul><h2>\u00a0<\/h2><h2><strong>III. Biz shaxsiy ma'lumotlaringizni qanday maqsadda va qaysi huquqiy asosda qayta ishlaymiz?<\/strong><\/h2><p>1) Agar siz transport vositasi ijaraga beruvchi bo'lsangiz:<\/p><p>Sizning ma'lumotlaringiz quyidagi maqsadlarda qayta ishlanadi:<\/p><ul><li>Shartnoma ijrosi va hisob-kitoblarni hal qilish (GDPRning 6(1)(b)-moddasi)<\/li><li>Shartnoma tuzishdan oldin shaxsni tasdiqlash (Kompaniyaning qonuniy manfaatlari \u2014 GDPR 6-modda 1-qism (f) bandi)<\/li><li>Buxgalteriya va soliq majburiyatlarini bajarish (GDPRning 6(1)(c) moddasi)<\/li><li>Shartnoma ijrosi bilan bog'liq aloqani saqlab turish (GDPRning 6-modda 1-qismi f-bandi)<\/li><li>Potentsial da'volarni o'rnatish va himoya qilish (GDPR 6-modda 1-qismi f-bandi)<\/li><li>Kompaniyaning mahsulotlari va xizmatlari haqida marketing ma'lumotlarini yuborish (aloqa kanali bo'yicha sizning roziligingiz bilan)<\/li><li>Eternis Group kompaniyalarining mahsulotlari va xizmatlari haqida marketing ma'lumotlarini (aloqa kanali bo'yicha sizning roziligingiz bilan) yuborish<\/li><\/ul><p>\u00a0<\/p><p>2) Agar siz transport vositasi foydalanuvchisi bo'lsangiz:<\/p><p>Ma'lumotlarni qayta ishlashning maqsadi va huquqiy asoslari yuqoridagilarga o'xshash (shartnoma ijrosi, shaxsni tasdiqlash, buxgalteriya majburiyatlari, aloqa, da'volar, marketing).<\/p><p>3) Agar siz transport vositasini ijaraga oluvchi bo'lsangiz:<\/p><p>Ma'lumotlar quyidagi maqsadlarda qayta ishlanadi:<\/p><ul><li>Shartnoma ijrosi<\/li><li>Shaxsni aniqlash tekshiruvlari<\/li><li>Buxgalteriya va soliq majburiyatlarini bajarish<\/li><li>Aloqada bo'lish<\/li><li>Da'volarni belgilash va himoya qilish<\/li><li>Ijara asosida olingan transport vositalarini monitoring qilish (Kompaniyaning qonuniy manfaatlari \u2014 mulk va transport floti boshqaruvining xavfsizligini ta'minlash)<\/li><li>Marketing ma'lumotlarini yuborish (aloqa kanaliga oid kelishuvga muvofiq)<\/li><\/ul><p>\u00a0<\/p><p>4) Agar siz agentlik shartnomasi bo'yicha pudratchi bo'lsangiz:<\/p><p>Ma'lumotlar quyidagi maqsadlarda qayta ishlanadi:<\/p><ul><li>Shartnoma ijrosi<\/li><li>Shaxsni aniqlash tekshiruvlari<\/li><li>Buxgalteriya va soliq majburiyatlarini bajarish<\/li><li>Aloqada bo'lish<\/li><li>Da'volarni belgilash va himoya qilish<\/li><li>marketing maqsadlari (aloqa kanali bo'yicha kelishuvga muvofiq)<\/li><\/ul><p>\u00a0<\/p><p>5) Agar siz yuridik shaxsni vakillik qilsangiz yoki aloqa shaxsi bo'lsangiz:<\/p><p>Sizning ma'lumotlaringiz quyidagi maqsadlarda qayta ishlanadi:<\/p><ul><li>Shartnomaning yakuni va ijrosi<\/li><li>Shartnoma tomonini vakillik qilish huquqiga ega shaxslarni aniqlash<\/li><li>Buxgalteriya va soliq majburiyatlarini bajarish<\/li><li>Potentsial da'volarni o'rnatish va himoya qilish<\/li><li>Doimiy muloqot va xat almashuvni saqlash<\/li><\/ul><h2>\u00a0<\/h2><h2><strong>IV. Biz ma'lumotlaringizni qancha vaqt qayta ishlaymiz?<\/strong><\/h2><p>Sizning shaxsiy ma'lumotlaringiz qayta ishlanadi:<\/p><ul><li>shartnoma muddati davomida<\/li><li>yakunlangach \u2014 qonun bilan belgilangan muddat davomida (soliq, buxgalteriya)<\/li><li>Qonuniy manfaatga asoslangan ishlov berish holatida \u2014 u amalga oshirilguncha yoki siz qarshi chiqquningizcha<\/li><li>rozilik asosida qayta ishlash holatida \u2014 bunday rozilik bekor qilinmaguncha<\/li><\/ul><p>\u00a0<\/p><p>Da'volarni himoya qilish yoki da'voni ilgari surish zarur bo'lsa, muddat uzaytirilishi mumkin.<\/p><h2>\u00a0<\/h2><h2><strong>V. Biz ma'lumotlaringizni kimlar bilan baham ko'ramiz?<\/strong><\/h2><p>Ma'lumotlaringiz o'tkazilishi mumkin:<\/p><ul><li>vakolatli davlat organlari<\/li><li>Eternis guruhi kompaniyalari (Administratorga xizmat ko'rsatish doirasida)<\/li><li>Administratorga xizmatlar (xususan, IT xizmatlari) ko'rsatadigan pudratchilar<\/li><\/ul><h2>\u00a0<\/h2><h2><strong>VI. Ma'lumot berish majburiymi?<\/strong><\/h2><p>Shaxsiy ma'lumotlarni taqdim etish ixtiyoriy, lekin shartnoma tuzish uchun zarur.<\/p><h2>\u00a0<\/h2><h2><strong>VII. Biz sizning ma'lumotlaringizni qayerdan oldik?<\/strong><\/h2><p>Sizdan to'g'ridan-to'g'ri olingan ma'lumot yoki huquqiy shaxslar vakillari bo'lgan holatda siz vakillik qilayotgan kompaniyadan olingan ma'lumot.<\/p><h2>\u00a0<\/h2><h2><strong>VIII. Sizning huquqlaringiz nimalardan iborat?<\/strong><\/h2><p>Siz quyidagi huquqlarga egasiz:<\/p><ul><li>Ma'lumotlaringizga kirish va uning nusxasini olish<\/li><li>Noto'g'ri yoki to'liq bo'lmagan ma'lumotlarni tuzatish uchun<\/li><li>ma'lumotlarni o'chirish (qonunda nazarda tutilgan hollarda)<\/li><li>ishlash cheklovlari bo'yicha<\/li><li>qonuniy manfaat asosida amalga oshirilganda qayta ishlashga qarshi e'tirozlar<\/li><li>ma'lumotlarni uzatish uchun<\/li><li>nazorat organiga shikoyat qilish (Varsavadagi Shaxsiy ma'lumotlarni himoya qilish idorasi prezidenti)<\/li><\/ul><p>\u00a0<\/p><p>Huquqlaringizni amalga oshirish bo'yicha savollar uchun, iltimos, quyidagi manzilga murojaat qiling: <a href=\"mailto:rodo@qiwipartner.pl\" data-no-translation=\"\" data-no-auto-translation=\"\">rodo@qiwipartner.pl<\/a> yoki Kompaniyaning manziliga pochta orqali<\/p><p>Iltimos, yodda tutingki, bu huquqlar mutlaq emas va amaldagi qonunchilikka muvofiq qo'llaniladi.<\/p>\t\t\t\t\t\t\t\t<\/div>\n\t\t\t\t<\/div>\n\t\t\t\t\t<\/div>\n\t\t\t\t<\/div>\n\t\t\t\t<\/div>","protected":false},"excerpt":{"rendered":"<p>\u0406\u041d\u0424\u041e\u0420\u041c\u0410\u0426\u0406\u0419\u041d\u0410 \u041a\u041b\u0410\u0423\u0417\u0423\u041b\u0410 \u0423\u043a\u043b\u0430\u0434\u0430\u044e\u0447\u0438 \u0437 \u043d\u0430\u043c\u0438 \u0434\u043e\u0433\u043e\u0432\u0456\u0440 \u043e\u0440\u0435\u043d\u0434\u0438\/\u043d\u0430\u0439\u043c\u0443 \u0442\u0440\u0430\u043d\u0441\u043f\u043e\u0440\u0442\u043d\u043e\u0433\u043e \u0437\u0430\u0441\u043e\u0431\u0443 \u0442\u0430 \u0434\u043e\u0433\u043e\u0432\u0456\u0440 \u0434\u043e\u0440\u0443\u0447\u0435\u043d\u043d\u044f \u043d\u0430 \u043d\u0430\u0434\u0430\u043d\u043d\u044f \u043f\u043e\u0441\u043b\u0443\u0433 \u0432\u043e\u0434\u0456\u044f \u0442\u0430\u043a\u0441\u0456 \u0430\u0431\u043e \u043a\u0443\u0440\u2019\u0454\u0440\u0430 \u0437 \u0434\u043e\u0441\u0442\u0430\u0432\u043a\u0438 \u0457\u0436\u0456 (\u00ab\u0414\u043e\u0433\u043e\u0432\u0456\u0440\u00bb), \u0432\u0438 \u043f\u0435\u0440\u0435\u0434\u0430\u0454\u0442\u0435 \u043d\u0430\u043c \u0441\u0432\u043e\u0457 \u043f\u0435\u0440\u0441\u043e\u043d\u0430\u043b\u044c\u043d\u0456 \u0434\u0430\u043d\u0456. \u0423 \u0437\u0432\u2019\u044f\u0437\u043a\u0443 \u0437 \u0446\u0438\u043c \u0432\u0438 \u043c\u0430\u0454\u0442\u0435 \u043f\u0440\u0430\u0432\u043e \u043e\u0442\u0440\u0438\u043c\u0430\u0442\u0438 \u0456\u043d\u0444\u043e\u0440\u043c\u0430\u0446\u0456\u044e \u043f\u0440\u043e \u0442\u0435, \u0437 \u044f\u043a\u043e\u044e \u043c\u0435\u0442\u043e\u044e \u041a\u043e\u043c\u043f\u0430\u043d\u0456\u044f \u0431\u0443\u0434\u0435 \u0457\u0445 \u0432\u0438\u043a\u043e\u0440\u0438\u0441\u0442\u043e\u0432\u0443\u0432\u0430\u0442\u0438, \u043d\u0430 \u044f\u043a\u0456\u0439 \u043f\u0440\u0430\u0432\u043e\u0432\u0456\u0439 \u043f\u0456\u0434\u0441\u0442\u0430\u0432\u0456 \u0442\u0430 \u044f\u043a\u0456 \u043f\u0440\u0430\u0432\u0430 \u0432\u0430\u043c [&hellip;]<\/p>","protected":false},"author":4,"featured_media":0,"parent":0,"menu_order":0,"comment_status":"closed","ping_status":"closed","template":"","meta":{"footnotes":""},"class_list":["post-8494","page","type-page","status-publish","hentry"],"yoast_head":"<!-- This site is optimized with the Yoast SEO plugin v25.7 - https:\/\/yoast.com\/wordpress\/plugins\/seo\/ -->\n<title>Information Clause - Qiwipartner<\/title>\n<meta name=\"robots\" content=\"index, follow, max-snippet:-1, max-image-preview:large, max-video-preview:-1\" \/>\n<link rel=\"canonical\" href=\"https:\/\/qiwipartner.pl\/uz\/information-clause\/\" \/>\n<meta property=\"og:locale\" content=\"uz_UZ\" \/>\n<meta property=\"og:type\" content=\"article\" \/>\n<meta property=\"og:title\" content=\"Information Clause - Qiwipartner\" \/>\n<meta property=\"og:description\" content=\"\u0406\u041d\u0424\u041e\u0420\u041c\u0410\u0426\u0406\u0419\u041d\u0410 \u041a\u041b\u0410\u0423\u0417\u0423\u041b\u0410 \u0423\u043a\u043b\u0430\u0434\u0430\u044e\u0447\u0438 \u0437 \u043d\u0430\u043c\u0438 \u0434\u043e\u0433\u043e\u0432\u0456\u0440 \u043e\u0440\u0435\u043d\u0434\u0438\/\u043d\u0430\u0439\u043c\u0443 \u0442\u0440\u0430\u043d\u0441\u043f\u043e\u0440\u0442\u043d\u043e\u0433\u043e \u0437\u0430\u0441\u043e\u0431\u0443 \u0442\u0430 \u0434\u043e\u0433\u043e\u0432\u0456\u0440 \u0434\u043e\u0440\u0443\u0447\u0435\u043d\u043d\u044f \u043d\u0430 \u043d\u0430\u0434\u0430\u043d\u043d\u044f \u043f\u043e\u0441\u043b\u0443\u0433 \u0432\u043e\u0434\u0456\u044f \u0442\u0430\u043a\u0441\u0456 \u0430\u0431\u043e \u043a\u0443\u0440\u2019\u0454\u0440\u0430 \u0437 \u0434\u043e\u0441\u0442\u0430\u0432\u043a\u0438 \u0457\u0436\u0456 (\u00ab\u0414\u043e\u0433\u043e\u0432\u0456\u0440\u00bb), \u0432\u0438 \u043f\u0435\u0440\u0435\u0434\u0430\u0454\u0442\u0435 \u043d\u0430\u043c \u0441\u0432\u043e\u0457 \u043f\u0435\u0440\u0441\u043e\u043d\u0430\u043b\u044c\u043d\u0456 \u0434\u0430\u043d\u0456. \u0423 \u0437\u0432\u2019\u044f\u0437\u043a\u0443 \u0437 \u0446\u0438\u043c \u0432\u0438 \u043c\u0430\u0454\u0442\u0435 \u043f\u0440\u0430\u0432\u043e \u043e\u0442\u0440\u0438\u043c\u0430\u0442\u0438 \u0456\u043d\u0444\u043e\u0440\u043c\u0430\u0446\u0456\u044e \u043f\u0440\u043e \u0442\u0435, \u0437 \u044f\u043a\u043e\u044e \u043c\u0435\u0442\u043e\u044e \u041a\u043e\u043c\u043f\u0430\u043d\u0456\u044f \u0431\u0443\u0434\u0435 \u0457\u0445 \u0432\u0438\u043a\u043e\u0440\u0438\u0441\u0442\u043e\u0432\u0443\u0432\u0430\u0442\u0438, \u043d\u0430 \u044f\u043a\u0456\u0439 \u043f\u0440\u0430\u0432\u043e\u0432\u0456\u0439 \u043f\u0456\u0434\u0441\u0442\u0430\u0432\u0456 \u0442\u0430 \u044f\u043a\u0456 \u043f\u0440\u0430\u0432\u0430 \u0432\u0430\u043c [&hellip;]\" \/>\n<meta property=\"og:url\" content=\"https:\/\/qiwipartner.pl\/uz\/information-clause\/\" \/>\n<meta property=\"og:site_name\" content=\"Qiwipartner\" \/>\n<meta property=\"article:modified_time\" content=\"2026-03-03T14:50:35+00:00\" \/>\n<meta name=\"twitter:card\" content=\"summary_large_image\" \/>\n<meta name=\"twitter:label1\" content=\"Est. reading time\" \/>\n\t<meta name=\"twitter:data1\" content=\"4 daqiqa\" \/>\n<script type=\"application\/ld+json\" class=\"yoast-schema-graph\">{\"@context\":\"https:\/\/schema.org\",\"@graph\":[{\"@type\":\"WebPage\",\"@id\":\"https:\/\/qiwipartner.pl\/pl\/information-clause\/\",\"url\":\"https:\/\/qiwipartner.pl\/pl\/information-clause\/\",\"name\":\"Information Clause - Qiwipartner\",\"isPartOf\":{\"@id\":\"https:\/\/qiwipartner.pl\/#website\"},\"datePublished\":\"2026-03-03T14:41:29+00:00\",\"dateModified\":\"2026-03-03T14:50:35+00:00\",\"breadcrumb\":{\"@id\":\"https:\/\/qiwipartner.pl\/pl\/information-clause\/#breadcrumb\"},\"inLanguage\":\"uz-UZ\",\"potentialAction\":[{\"@type\":\"ReadAction\",\"target\":[\"https:\/\/qiwipartner.pl\/pl\/information-clause\/\"]}]},{\"@type\":\"BreadcrumbList\",\"@id\":\"https:\/\/qiwipartner.pl\/pl\/information-clause\/#breadcrumb\",\"itemListElement\":[{\"@type\":\"ListItem\",\"position\":1,\"name\":\"Home\",\"item\":\"https:\/\/qiwipartner.pl\/\"},{\"@type\":\"ListItem\",\"position\":2,\"name\":\"Information Clause\"}]},{\"@type\":\"WebSite\",\"@id\":\"https:\/\/qiwipartner.pl\/#website\",\"url\":\"https:\/\/qiwipartner.pl\/\",\"name\":\"Qiwipartner\",\"description\":\"\",\"publisher\":{\"@id\":\"https:\/\/qiwipartner.pl\/#organization\"},\"potentialAction\":[{\"@type\":\"SearchAction\",\"target\":{\"@type\":\"EntryPoint\",\"urlTemplate\":\"https:\/\/qiwipartner.pl\/?s={search_term_string}\"},\"query-input\":{\"@type\":\"PropertyValueSpecification\",\"valueRequired\":true,\"valueName\":\"search_term_string\"}}],\"inLanguage\":\"uz-UZ\"},{\"@type\":\"Organization\",\"@id\":\"https:\/\/qiwipartner.pl\/#organization\",\"name\":\"Qiwipartner\",\"url\":\"https:\/\/qiwipartner.pl\/\",\"logo\":{\"@type\":\"ImageObject\",\"inLanguage\":\"uz-UZ\",\"@id\":\"https:\/\/qiwipartner.pl\/#\/schema\/logo\/image\/\",\"url\":\"https:\/\/qiwipartner.pl\/wp-content\/uploads\/2025\/03\/qiwi-logo-animated-2.svg\",\"contentUrl\":\"https:\/\/qiwipartner.pl\/wp-content\/uploads\/2025\/03\/qiwi-logo-animated-2.svg\",\"width\":111,\"height\":56,\"caption\":\"Qiwipartner\"},\"image\":{\"@id\":\"https:\/\/qiwipartner.pl\/#\/schema\/logo\/image\/\"}}]}<\/script>\n<!-- \/ Yoast SEO plugin. -->","yoast_head_json":{"title":"Ma'lumot bandi - Qiwipartner","robots":{"index":"index","follow":"follow","max-snippet":"max-snippet:-1","max-image-preview":"max-image-preview:large","max-video-preview":"max-video-preview:-1"},"canonical":"https:\/\/qiwipartner.pl\/uz\/information-clause\/","og_locale":"uz_UZ","og_type":"article","og_title":"Information Clause - Qiwipartner","og_description":"\u0406\u041d\u0424\u041e\u0420\u041c\u0410\u0426\u0406\u0419\u041d\u0410 \u041a\u041b\u0410\u0423\u0417\u0423\u041b\u0410 \u0423\u043a\u043b\u0430\u0434\u0430\u044e\u0447\u0438 \u0437 \u043d\u0430\u043c\u0438 \u0434\u043e\u0433\u043e\u0432\u0456\u0440 \u043e\u0440\u0435\u043d\u0434\u0438\/\u043d\u0430\u0439\u043c\u0443 \u0442\u0440\u0430\u043d\u0441\u043f\u043e\u0440\u0442\u043d\u043e\u0433\u043e \u0437\u0430\u0441\u043e\u0431\u0443 \u0442\u0430 \u0434\u043e\u0433\u043e\u0432\u0456\u0440 \u0434\u043e\u0440\u0443\u0447\u0435\u043d\u043d\u044f \u043d\u0430 \u043d\u0430\u0434\u0430\u043d\u043d\u044f \u043f\u043e\u0441\u043b\u0443\u0433 \u0432\u043e\u0434\u0456\u044f \u0442\u0430\u043a\u0441\u0456 \u0430\u0431\u043e \u043a\u0443\u0440\u2019\u0454\u0440\u0430 \u0437 \u0434\u043e\u0441\u0442\u0430\u0432\u043a\u0438 \u0457\u0436\u0456 (\u00ab\u0414\u043e\u0433\u043e\u0432\u0456\u0440\u00bb), \u0432\u0438 \u043f\u0435\u0440\u0435\u0434\u0430\u0454\u0442\u0435 \u043d\u0430\u043c \u0441\u0432\u043e\u0457 \u043f\u0435\u0440\u0441\u043e\u043d\u0430\u043b\u044c\u043d\u0456 \u0434\u0430\u043d\u0456. \u0423 \u0437\u0432\u2019\u044f\u0437\u043a\u0443 \u0437 \u0446\u0438\u043c \u0432\u0438 \u043c\u0430\u0454\u0442\u0435 \u043f\u0440\u0430\u0432\u043e \u043e\u0442\u0440\u0438\u043c\u0430\u0442\u0438 \u0456\u043d\u0444\u043e\u0440\u043c\u0430\u0446\u0456\u044e \u043f\u0440\u043e \u0442\u0435, \u0437 \u044f\u043a\u043e\u044e \u043c\u0435\u0442\u043e\u044e \u041a\u043e\u043c\u043f\u0430\u043d\u0456\u044f \u0431\u0443\u0434\u0435 \u0457\u0445 \u0432\u0438\u043a\u043e\u0440\u0438\u0441\u0442\u043e\u0432\u0443\u0432\u0430\u0442\u0438, \u043d\u0430 \u044f\u043a\u0456\u0439 \u043f\u0440\u0430\u0432\u043e\u0432\u0456\u0439 \u043f\u0456\u0434\u0441\u0442\u0430\u0432\u0456 \u0442\u0430 \u044f\u043a\u0456 \u043f\u0440\u0430\u0432\u0430 \u0432\u0430\u043c [&hellip;]","og_url":"https:\/\/qiwipartner.pl\/uz\/information-clause\/","og_site_name":"Qiwipartner","article_modified_time":"2026-03-03T14:50:35+00:00","twitter_card":"summary_large_image","twitter_misc":{"Est. reading time":"4 daqiqa"},"schema":{"@context":"https:\/\/schema.org","@graph":[{"@type":"WebPage","@id":"https:\/\/qiwipartner.pl\/pl\/information-clause\/","url":"https:\/\/qiwipartner.pl\/pl\/information-clause\/","name":"Ma'lumot bandi - Qiwipartner","isPartOf":{"@id":"https:\/\/qiwipartner.pl\/#website"},"datePublished":"2026-03-03T14:41:29+00:00","dateModified":"2026-03-03T14:50:35+00:00","breadcrumb":{"@id":"https:\/\/qiwipartner.pl\/pl\/information-clause\/#breadcrumb"},"inLanguage":"uz-UZ","potentialAction":[{"@type":"ReadAction","target":["https:\/\/qiwipartner.pl\/pl\/information-clause\/"]}]},{"@type":"BreadcrumbList","@id":"https:\/\/qiwipartner.pl\/pl\/information-clause\/#breadcrumb","itemListElement":[{"@type":"ListItem","position":1,"name":"Home","item":"https:\/\/qiwipartner.pl\/"},{"@type":"ListItem","position":2,"name":"Information Clause"}]},{"@type":"WebSite","@id":"https:\/\/qiwipartner.pl\/#website","url":"https:\/\/qiwipartner.pl\/","name":"Qiwipartner","description":"","publisher":{"@id":"https:\/\/qiwipartner.pl\/#organization"},"potentialAction":[{"@type":"SearchAction","target":{"@type":"EntryPoint","urlTemplate":"https:\/\/qiwipartner.pl\/?s={search_term_string}"},"query-input":{"@type":"PropertyValueSpecification","valueRequired":true,"valueName":"search_term_string"}}],"inLanguage":"uz-UZ"},{"@type":"Organization","@id":"https:\/\/qiwipartner.pl\/#organization","name":"Qiwipartner","url":"https:\/\/qiwipartner.pl\/","logo":{"@type":"ImageObject","inLanguage":"uz-UZ","@id":"https:\/\/qiwipartner.pl\/#\/schema\/logo\/image\/","url":"https:\/\/qiwipartner.pl\/wp-content\/uploads\/2025\/03\/qiwi-logo-animated-2.svg","contentUrl":"https:\/\/qiwipartner.pl\/wp-content\/uploads\/2025\/03\/qiwi-logo-animated-2.svg","width":111,"height":56,"caption":"Qiwipartner"},"image":{"@id":"https:\/\/qiwipartner.pl\/#\/schema\/logo\/image\/"}}]}},"_links":{"self":[{"href":"https:\/\/qiwipartner.pl\/uz\/wp-json\/wp\/v2\/pages\/8494","targetHints":{"allow":["GET"]}}],"collection":[{"href":"https:\/\/qiwipartner.pl\/uz\/wp-json\/wp\/v2\/pages"}],"about":[{"href":"https:\/\/qiwipartner.pl\/uz\/wp-json\/wp\/v2\/types\/page"}],"author":[{"embeddable":true,"href":"https:\/\/qiwipartner.pl\/uz\/wp-json\/wp\/v2\/users\/4"}],"replies":[{"embeddable":true,"href":"https:\/\/qiwipartner.pl\/uz\/wp-json\/wp\/v2\/comments?post=8494"}],"version-history":[{"count":4,"href":"https:\/\/qiwipartner.pl\/uz\/wp-json\/wp\/v2\/pages\/8494\/revisions"}],"predecessor-version":[{"id":8499,"href":"https:\/\/qiwipartner.pl\/uz\/wp-json\/wp\/v2\/pages\/8494\/revisions\/8499"}],"wp:attachment":[{"href":"https:\/\/qiwipartner.pl\/uz\/wp-json\/wp\/v2\/media?parent=8494"}],"curies":[{"name":"wp","href":"https:\/\/api.w.org\/{rel}","templated":true}]}}